{"id":3390,"date":"2022-02-03T18:02:13","date_gmt":"2022-02-03T18:02:13","guid":{"rendered":"https:\/\/hp-drones.com\/contacto\/"},"modified":"2026-03-27T17:27:01","modified_gmt":"2026-03-27T17:27:01","slug":"contacto","status":"publish","type":"page","link":"https:\/\/hp-drones.com\/pt-pt\/contacto\/","title":{"rendered":"Contacto"},"content":{"rendered":"<p>[et_pb_section fb_built=&#8221;1&#8243; _builder_version=&#8221;4.16&#8243; _module_preset=&#8221;default&#8221; use_background_color_gradient=&#8221;on&#8221; background_color_gradient_stops=&#8221;rgba(0,0,0,0.53) 0%|rgba(0,0,0,0.24) 100%&#8221; background_color_gradient_overlays_image=&#8221;on&#8221; background_color_gradient_start=&#8221;rgba(0,0,0,0.53)&#8221; background_color_gradient_end=&#8221;rgba(0,0,0,0.24)&#8221; background_image=&#8221;https:\/\/hp-drones.com\/wp-content\/uploads\/2022\/06\/CanonR5014-scaled.jpg&#8221; custom_margin=&#8221;-66px|||||&#8221; custom_padding=&#8221;73px||73px||true|false&#8221; global_colors_info=&#8221;{}&#8221;][et_pb_row use_custom_gutter=&#8221;on&#8221; make_equal=&#8221;on&#8221; custom_padding_last_edited=&#8221;on|phone&#8221; _builder_version=&#8221;4.16&#8243; _module_preset=&#8221;default&#8221; width=&#8221;90%&#8221; custom_padding=&#8221;46px||0px||false|&#8221; custom_padding_tablet=&#8221;46px||0px||false|&#8221; custom_padding_phone=&#8221;88px||||false|false&#8221; global_colors_info=&#8221;{}&#8221;][et_pb_column type=&#8221;4_4&#8243; _builder_version=&#8221;4.16&#8243; _module_preset=&#8221;default&#8221; global_colors_info=&#8221;{}&#8221;][et_pb_text _builder_version=&#8221;4.16&#8243; _module_preset=&#8221;default&#8221; header_font=&#8221;|300|||||||&#8221; header_text_color=&#8221;#FFFFFF&#8221; header_font_size=&#8221;54px&#8221; header_4_font=&#8221;|300|||||||&#8221; header_4_text_color=&#8221;#FFFFFF&#8221; header_4_font_size=&#8221;21px&#8221; header_text_shadow_style=&#8221;preset1&#8243; global_colors_info=&#8221;{}&#8221;]<\/p>\n<h1>Contacte-nos<\/h1>\n<h4>Fale com os nossos especialistas.<br \/>\n<\/h4>\n<p>[\/et_pb_text][\/et_pb_column][\/et_pb_row][\/et_pb_section][et_pb_section fb_built=&#8221;1&#8243; _builder_version=&#8221;4.16&#8243; _module_preset=&#8221;default&#8221; custom_padding=&#8221;0px||0px|||&#8221; global_colors_info=&#8221;{}&#8221;][et_pb_row _builder_version=&#8221;4.16&#8243; _module_preset=&#8221;default&#8221; width=&#8221;90%&#8221; global_colors_info=&#8221;{}&#8221;][et_pb_column type=&#8221;4_4&#8243; _builder_version=&#8221;4.16&#8243; _module_preset=&#8221;default&#8221; global_colors_info=&#8221;{}&#8221;][et_pb_divider _builder_version=&#8221;4.16&#8243; _module_preset=&#8221;default&#8221; global_colors_info=&#8221;{}&#8221;][\/et_pb_divider][et_pb_text _builder_version=&#8221;4.16&#8243; _module_preset=&#8221;default&#8221; global_colors_info=&#8221;{}&#8221;]<\/p>\n<h2>Contacte-nos<\/h2>\n<p>[\/et_pb_text][et_pb_code _builder_version=&#8221;4.27.0&#8243; _module_preset=&#8221;default&#8221; text_orientation=&#8221;center&#8221; module_alignment=&#8221;center&#8221; hover_enabled=&#8221;0&#8243; sticky_enabled=&#8221;0&#8243;]<\/p>\n<div class=\"pipedriveWebForms\" data-pd-webforms=\"https:\/\/webforms.pipedrive.com\/f\/1DZAG7yd3JdjHDZbGuONjtnucKQdNzxscUFcQLKikwfvCIK3mx4gpcgBQqZA1Cxub\"><script src=\"https:\/\/webforms.pipedrive.com\/f\/loader\"><\/script><\/div>\n<p>[\/et_pb_code][et_pb_code disabled_on=&#8221;on|on|on&#8221; _builder_version=&#8221;4.27.0&#8243; _module_preset=&#8221;default&#8221; hover_enabled=&#8221;0&#8243; locked=&#8221;off&#8221; global_colors_info=&#8221;{}&#8221; sticky_enabled=&#8221;0&#8243; disabled=&#8221;on&#8221;][ninja_form id=&#8221;4&#8243;]\t[\/et_pb_code][\/et_pb_column][\/et_pb_row][\/et_pb_section][et_pb_section fb_built=&#8221;1&#8243; _builder_version=&#8221;4.16&#8243; _module_preset=&#8221;default&#8221; custom_padding=&#8221;3px|||||&#8221; global_colors_info=&#8221;{}&#8221;][et_pb_row column_structure=&#8221;1_3,1_3,1_3&#8243; use_custom_gutter=&#8221;on&#8221; gutter_width=&#8221;2&#8243; make_equal=&#8221;on&#8221; _builder_version=&#8221;4.16&#8243; _module_preset=&#8221;default&#8221; background_color=&#8221;RGBA(255,255,255,0)&#8221; background_enable_image=&#8221;off&#8221; width=&#8221;90%&#8221; custom_margin=&#8221;||||false|false&#8221; custom_padding=&#8221;||||true|false&#8221; global_colors_info=&#8221;{}&#8221;][et_pb_column type=&#8221;1_3&#8243; _builder_version=&#8221;4.16&#8243; _module_preset=&#8221;default&#8221; background_color=&#8221;#f4f4f4&#8243; custom_padding=&#8221;25px|43px|25px|43px|true|true&#8221; border_radii=&#8221;on|9px|9px|9px|9px&#8221; box_shadow_style=&#8221;preset1&#8243; box_shadow_vertical=&#8221;16px&#8221; box_shadow_blur=&#8221;34px&#8221; global_colors_info=&#8221;{}&#8221; background__hover_enabled=&#8221;on|hover&#8221; background_color__hover=&#8221;#FFFFFF&#8221; background_enable_color__hover=&#8221;on&#8221;][et_pb_text _builder_version=&#8221;4.16&#8243; _module_preset=&#8221;default&#8221; global_colors_info=&#8221;{}&#8221;]<\/p>\n<h3>PORTUGAL<\/h3>\n<p>[\/et_pb_text][et_pb_blurb title=&#8221;HPDRONES Loja&#8221; use_icon=&#8221;on&#8221; font_icon=&#8221;&#xe081;||divi||400&#8243; icon_placement=&#8221;left&#8221; _builder_version=&#8221;4.16&#8243; _module_preset=&#8221;default&#8221; header_font=&#8221;|700|||||||&#8221; header_font_size=&#8221;18px&#8221; body_font=&#8221;|300|||||||&#8221; custom_padding=&#8221;0px|||||&#8221; custom_css_blurb_title=&#8221;margin-top:5px&#8221; global_colors_info=&#8221;{}&#8221;]<\/p>\n<p>Avenida de Madrid n.\u00ba19F 1000- 194 Lisboa <\/p>\n<p>[\/et_pb_blurb][et_pb_blurb title=&#8221;Hor\u00e1rio da loja &#8221; use_icon=&#8221;on&#8221; font_icon=&#8221;&#x7d;||divi||400&#8243; icon_placement=&#8221;left&#8221; _builder_version=&#8221;4.16&#8243; _module_preset=&#8221;default&#8221; header_font=&#8221;|700|||||||&#8221; header_font_size=&#8221;18px&#8221; body_font=&#8221;|300|||||||&#8221; custom_padding=&#8221;0px|||||&#8221; custom_css_blurb_title=&#8221;margin-top:5px&#8221; global_colors_info=&#8221;{}&#8221;]<\/p>\n<p>Segunda a Sexta 10h \u00e0s 13h &#8211; 14h \u00e0s 19h<\/p>\n<p>[\/et_pb_blurb][et_pb_blurb title=&#8221;00351 218038297&#8243; use_icon=&#8221;on&#8221; font_icon=&#8221;&#xf879;||fa||900&#8243; icon_placement=&#8221;left&#8221; _builder_version=&#8221;4.16&#8243; _module_preset=&#8221;default&#8221; header_font=&#8221;|300|||||||&#8221; header_font_size=&#8221;18px&#8221; custom_css_blurb_title=&#8221;margin-top:5px&#8221; global_colors_info=&#8221;{}&#8221;]<\/p>\n<p>*Chamada para rede fixa nacional<\/p>\n<p>[\/et_pb_blurb][et_pb_blurb title=&#8221;Hor\u00e1rio do Escrit\u00f3rio&#8221; use_icon=&#8221;on&#8221; font_icon=&#8221;&#x7d;||divi||400&#8243; icon_placement=&#8221;left&#8221; _builder_version=&#8221;4.16&#8243; _module_preset=&#8221;default&#8221; header_font=&#8221;|700|||||||&#8221; header_font_size=&#8221;18px&#8221; body_font=&#8221;|300|||||||&#8221; custom_padding=&#8221;0px|||||&#8221; custom_css_blurb_title=&#8221;margin-top:5px&#8221; global_colors_info=&#8221;{}&#8221;]<\/p>\n<p>Segunda a Sexta 9h \u00e0s 13h &#8211; 14h \u00e0s 18h<\/p>\n<p>[\/et_pb_blurb][et_pb_blurb title=&#8221;00351 211929048 &#8211; Comercial&#8221; use_icon=&#8221;on&#8221; font_icon=&#8221;&#xf879;||fa||900&#8243; icon_placement=&#8221;left&#8221; _builder_version=&#8221;4.27.0&#8243; _module_preset=&#8221;default&#8221; header_font=&#8221;|300|||||||&#8221; header_font_size=&#8221;18px&#8221; custom_css_blurb_title=&#8221;margin-top:5px&#8221; global_colors_info=&#8221;{}&#8221;]<\/p>\n<p>*Chamada para rede fixa nacional<\/p>\n<p>[\/et_pb_blurb][et_pb_blurb title=&#8221;00351 215904986 &#8211; Financiero&#8221; use_icon=&#8221;on&#8221; font_icon=&#8221;&#xf879;||fa||900&#8243; icon_placement=&#8221;left&#8221; _builder_version=&#8221;4.27.0&#8243; _module_preset=&#8221;default&#8221; header_font=&#8221;|300|||||||&#8221; header_font_size=&#8221;18px&#8221; custom_css_blurb_title=&#8221;margin-top:5px&#8221; global_colors_info=&#8221;{}&#8221;]<\/p>\n<p>*Chamada para rede fixa nacional<\/p>\n<p>[\/et_pb_blurb][et_pb_divider _builder_version=&#8221;4.16&#8243; _module_preset=&#8221;default&#8221; global_colors_info=&#8221;{}&#8221;][\/et_pb_divider][et_pb_blurb use_icon=&#8221;on&#8221; font_icon=&#8221;&#xf0c1;||fa||900&#8243; icon_placement=&#8221;left&#8221; _builder_version=&#8221;4.16&#8243; _module_preset=&#8221;default&#8221; header_font=&#8221;|300|||||||&#8221; header_font_size=&#8221;18px&#8221; custom_css_blurb_title=&#8221;margin-top:5px&#8221; global_colors_info=&#8221;{}&#8221;]<\/p>\n<p><a href=\"https:\/\/store.hp-drones.com\/pt\/\">www.store.hp-drones.com<\/a><\/p>\n<p>[\/et_pb_blurb][et_pb_blurb title=&#8221;www.hp-drones.com&#8221; use_icon=&#8221;on&#8221; font_icon=&#8221;&#xf0c1;||fa||900&#8243; icon_placement=&#8221;left&#8221; _builder_version=&#8221;4.16&#8243; _module_preset=&#8221;default&#8221; header_font=&#8221;|300|||||||&#8221; header_font_size=&#8221;18px&#8221; custom_css_blurb_title=&#8221;margin-top:5px&#8221; global_colors_info=&#8221;{}&#8221;][\/et_pb_blurb][et_pb_blurb title=&#8221; info@hp-drones.com&#8221; use_icon=&#8221;on&#8221; font_icon=&#8221;&#xf2b6;||fa||400&#8243; icon_placement=&#8221;left&#8221; _builder_version=&#8221;4.16&#8243; _module_preset=&#8221;default&#8221; header_font=&#8221;|300|||||||&#8221; header_font_size=&#8221;18px&#8221; custom_css_blurb_title=&#8221;margin-top:5px&#8221; global_colors_info=&#8221;{}&#8221;][\/et_pb_blurb][\/et_pb_column][et_pb_column type=&#8221;1_3&#8243; _builder_version=&#8221;4.16&#8243; _module_preset=&#8221;default&#8221; background_color=&#8221;#f4f4f4&#8243; box_shadow_style=&#8221;preset1&#8243; global_colors_info=&#8221;{}&#8221;][et_pb_text _builder_version=&#8221;4.16&#8243; _module_preset=&#8221;default&#8221; custom_margin=&#8221;13px|||||&#8221; custom_padding=&#8221;4px|||63px||&#8221; global_colors_info=&#8221;{}&#8221;]<\/p>\n<h3>ESPANHA<\/h3>\n<p>[\/et_pb_text][et_pb_blurb title=&#8221;HPDRONES Madrid&#8221; use_icon=&#8221;on&#8221; font_icon=&#8221;&#xe081;||divi||400&#8243; icon_placement=&#8221;left&#8221; _builder_version=&#8221;4.16&#8243; _module_preset=&#8221;default&#8221; header_font=&#8221;|700|||||||&#8221; header_font_size=&#8221;18px&#8221; body_font=&#8221;|300|||||||&#8221; custom_padding=&#8221;0px|||33px||&#8221; custom_css_blurb_title=&#8221;margin-top:5px&#8221; global_colors_info=&#8221;{}&#8221;]<\/p>\n<p><span>Paseo de la Castellana, 93 &#8211; Madrid, 28043<\/span><\/p>\n<p>[\/et_pb_blurb][et_pb_blurb title=&#8221;0034 91 418 6905&#8243; use_icon=&#8221;on&#8221; font_icon=&#8221;&#xf879;||fa||900&#8243; icon_placement=&#8221;left&#8221; _builder_version=&#8221;4.16&#8243; _module_preset=&#8221;default&#8221; header_font=&#8221;|300|||||||&#8221; header_font_size=&#8221;18px&#8221; custom_padding=&#8221;|||33px||&#8221; custom_css_blurb_title=&#8221;margin-top:5px&#8221; global_colors_info=&#8221;{}&#8221;][\/et_pb_blurb][et_pb_blurb title=&#8221;HPDRONES Valencia&#8221; use_icon=&#8221;on&#8221; font_icon=&#8221;&#xe081;||divi||400&#8243; icon_placement=&#8221;left&#8221; _builder_version=&#8221;4.16&#8243; _module_preset=&#8221;default&#8221; header_font=&#8221;|700|||||||&#8221; header_font_size=&#8221;18px&#8221; body_font=&#8221;|300|||||||&#8221; custom_padding=&#8221;|||33px||&#8221; custom_css_blurb_title=&#8221;margin-top:5px&#8221; global_colors_info=&#8221;{}&#8221;]<\/p>\n<p class=\"gmail-store-list-p\">Avinguda de les Corts Valencianes, 58 &#8211; Val\u00eancia, 46035<\/p>\n<p>[\/et_pb_blurb][et_pb_blurb title=&#8221;0034 65 393 2039&#8243; use_icon=&#8221;on&#8221; font_icon=&#8221;&#xf879;||fa||900&#8243; icon_placement=&#8221;left&#8221; _builder_version=&#8221;4.16&#8243; _module_preset=&#8221;default&#8221; header_font=&#8221;|300|||||||&#8221; header_font_size=&#8221;18px&#8221; custom_padding=&#8221;|||33px||&#8221; custom_css_blurb_title=&#8221;margin-top:5px&#8221; global_colors_info=&#8221;{}&#8221;][\/et_pb_blurb][et_pb_blurb title=&#8221;HPDRONES Bilbao&#8221; use_icon=&#8221;on&#8221; font_icon=&#8221;&#xe081;||divi||400&#8243; icon_placement=&#8221;left&#8221; _builder_version=&#8221;4.16&#8243; _module_preset=&#8221;default&#8221; header_font=&#8221;|700|||||||&#8221; header_font_size=&#8221;18px&#8221; body_font=&#8221;|300|||||||&#8221; custom_margin=&#8221;||-3px|||&#8221; custom_padding=&#8221;|||33px||&#8221; custom_css_blurb_title=&#8221;margin-top:5px&#8221; global_colors_info=&#8221;{}&#8221;]<\/p>\n<p class=\"gmail-store-list-p\">Buenos Aires 12 &#8211; Bilbao, 48001<\/p>\n<p class=\"gmail-store-list-p\">\n<p>[\/et_pb_blurb][et_pb_blurb title=&#8221;0034 65 393 2039&#8243; use_icon=&#8221;on&#8221; font_icon=&#8221;&#xf879;||fa||900&#8243; icon_placement=&#8221;left&#8221; _builder_version=&#8221;4.16&#8243; _module_preset=&#8221;default&#8221; header_font=&#8221;|300|||||||&#8221; header_font_size=&#8221;18px&#8221; custom_padding=&#8221;|||33px||&#8221; custom_css_blurb_title=&#8221;margin-top:5px&#8221; global_colors_info=&#8221;{}&#8221;]<\/p>\n<p>&nbsp;<\/p>\n<p>&nbsp;<\/p>\n<p>[\/et_pb_blurb][et_pb_divider _builder_version=&#8221;4.16&#8243; _module_preset=&#8221;default&#8221; custom_margin=&#8221;||9px|||&#8221; global_colors_info=&#8221;{}&#8221;][\/et_pb_divider][et_pb_blurb use_icon=&#8221;on&#8221; font_icon=&#8221;&#xf0c1;||fa||900&#8243; icon_placement=&#8221;left&#8221; _builder_version=&#8221;4.16&#8243; _module_preset=&#8221;default&#8221; header_font=&#8221;|300|||||||&#8221; header_font_size=&#8221;18px&#8221; custom_padding=&#8221;|||33px||&#8221; custom_css_blurb_title=&#8221;margin-top:5px&#8221; global_colors_info=&#8221;{}&#8221;]<\/p>\n<p><a href=\"https:\/\/store.hp-drones.com\/es\/\">www.store.hp-drones.com<\/a><\/p>\n<p>[\/et_pb_blurb][et_pb_blurb title=&#8221;www.hp-drones.com&#8221; use_icon=&#8221;on&#8221; font_icon=&#8221;&#xf0c1;||fa||900&#8243; icon_placement=&#8221;left&#8221; _builder_version=&#8221;4.16&#8243; _module_preset=&#8221;default&#8221; header_font=&#8221;|300|||||||&#8221; header_font_size=&#8221;18px&#8221; custom_padding=&#8221;|||33px||&#8221; custom_css_blurb_title=&#8221;margin-top:5px&#8221; global_colors_info=&#8221;{}&#8221;][\/et_pb_blurb][et_pb_blurb title=&#8221;info@hp-drones.com&#8221; use_icon=&#8221;on&#8221; font_icon=&#8221;&#xf2b6;||fa||400&#8243; icon_placement=&#8221;left&#8221; _builder_version=&#8221;4.16&#8243; _module_preset=&#8221;default&#8221; header_font=&#8221;|300|||||||&#8221; header_font_size=&#8221;18px&#8221; custom_margin=&#8221;||11px|||&#8221; custom_padding=&#8221;|||33px||&#8221; custom_css_blurb_title=&#8221;margin-top:5px&#8221; global_colors_info=&#8221;{}&#8221;][\/et_pb_blurb][\/et_pb_column][et_pb_column type=&#8221;1_3&#8243; _builder_version=&#8221;4.16&#8243; _module_preset=&#8221;default&#8221; background_color=&#8221;#f4f4f4&#8243; box_shadow_style=&#8221;preset1&#8243; global_colors_info=&#8221;{}&#8221;][et_pb_text _builder_version=&#8221;4.16&#8243; _module_preset=&#8221;default&#8221; custom_margin=&#8221;13px|||||&#8221; custom_padding=&#8221;4px|||63px||&#8221; global_colors_info=&#8221;{}&#8221;]<\/p>\n<h3>BRASIL<\/h3>\n<p>[\/et_pb_text][et_pb_blurb title=&#8221;HPDRONES Brasil&#8221; use_icon=&#8221;on&#8221; font_icon=&#8221;&#xe081;||divi||400&#8243; icon_placement=&#8221;left&#8221; _builder_version=&#8221;4.16&#8243; _module_preset=&#8221;default&#8221; header_font=&#8221;|700|||||||&#8221; header_font_size=&#8221;18px&#8221; body_font=&#8221;|300|||||||&#8221; custom_padding=&#8221;0px|||33px||&#8221; custom_css_blurb_title=&#8221;margin-top:5px&#8221; global_colors_info=&#8221;{}&#8221;]<\/p>\n<div><span>Rua Domingos Arantes, 575<\/span><\/div>\n<div><span>75240-000 Bela Vista de Goi\u00e1s<\/span><\/div>\n<div><\/div>\n<p>[\/et_pb_blurb][et_pb_blurb title=&#8221;0055 (62) 99690-2528&#8243; use_icon=&#8221;on&#8221; font_icon=&#8221;&#xf879;||fa||900&#8243; icon_placement=&#8221;left&#8221; _builder_version=&#8221;4.16&#8243; _module_preset=&#8221;default&#8221; header_font=&#8221;|300|||||||&#8221; header_font_size=&#8221;18px&#8221; custom_padding=&#8221;|||33px||&#8221; custom_css_blurb_title=&#8221;margin-top:5px&#8221; global_colors_info=&#8221;{}&#8221;]<\/p>\n<p>&nbsp;<\/p>\n<p>&nbsp;<\/p>\n<p>[\/et_pb_blurb][et_pb_divider _builder_version=&#8221;4.16&#8243; _module_preset=&#8221;default&#8221; custom_margin=&#8221;||9px|||&#8221; global_colors_info=&#8221;{}&#8221;][\/et_pb_divider][et_pb_blurb use_icon=&#8221;on&#8221; font_icon=&#8221;&#xf0c1;||fa||900&#8243; icon_placement=&#8221;left&#8221; _builder_version=&#8221;4.16&#8243; _module_preset=&#8221;default&#8221; header_font=&#8221;|300|||||||&#8221; header_font_size=&#8221;18px&#8221; custom_padding=&#8221;|||33px||&#8221; custom_css_blurb_title=&#8221;margin-top:5px&#8221; global_colors_info=&#8221;{}&#8221;]<\/p>\n<p><a href=\"https:\/\/store.hp-drones.com\/es\/\">www.store.hp-drones.com<\/a><\/p>\n<p>[\/et_pb_blurb][et_pb_blurb title=&#8221;www.hp-drones.com&#8221; use_icon=&#8221;on&#8221; font_icon=&#8221;&#xf0c1;||fa||900&#8243; icon_placement=&#8221;left&#8221; _builder_version=&#8221;4.16&#8243; _module_preset=&#8221;default&#8221; header_font=&#8221;|300|||||||&#8221; header_font_size=&#8221;18px&#8221; custom_padding=&#8221;|||33px||&#8221; custom_css_blurb_title=&#8221;margin-top:5px&#8221; global_colors_info=&#8221;{}&#8221;][\/et_pb_blurb][et_pb_blurb title=&#8221;info@hp-drones.com&#8221; use_icon=&#8221;on&#8221; font_icon=&#8221;&#xf2b6;||fa||400&#8243; icon_placement=&#8221;left&#8221; _builder_version=&#8221;4.16&#8243; _module_preset=&#8221;default&#8221; header_font=&#8221;|300|||||||&#8221; header_font_size=&#8221;18px&#8221; custom_margin=&#8221;||11px|||&#8221; custom_padding=&#8221;|||33px||&#8221; custom_css_blurb_title=&#8221;margin-top:5px&#8221; global_colors_info=&#8221;{}&#8221;][\/et_pb_blurb][\/et_pb_column][\/et_pb_row][\/et_pb_section]<\/p>\n","protected":false},"excerpt":{"rendered":"<p>Contacte-nos Fale com os nossos especialistas. Contacte-nos[ninja_form id=&#8221;4&#8243;] PORTUGALAvenida de Madrid n.\u00ba19F 1000- 194 Lisboa Segunda a Sexta 10h \u00e0s 13h &#8211; 14h \u00e0s 19h*Chamada para rede fixa nacionalSegunda a Sexta 9h \u00e0s 13h &#8211; 14h \u00e0s 18h*Chamada para rede fixa nacional*Chamada para rede fixa nacionalwww.store.hp-drones.comESPANHAPaseo de la Castellana, 93 &#8211; Madrid, 28043Avinguda de les [&hellip;]<\/p>\n","protected":false},"author":1,"featured_media":0,"parent":0,"menu_order":0,"comment_status":"closed","ping_status":"closed","template":"","meta":{"_et_pb_use_builder":"on","_et_pb_old_content":"","_et_gb_content_width":"","footnotes":""},"class_list":["post-3390","page","type-page","status-publish","hentry"],"acf":[],"yoast_head":"<!-- This site is optimized with the Yoast SEO plugin v27.1.1 - https:\/\/yoast.com\/product\/yoast-seo-wordpress\/ -->\n<title>Contacte connosco | HPDRONES<\/title>\n<meta name=\"description\" content=\"Se tiver alguma d\u00favida, entre em contacto connosco sem qualquer compromisso! Temos sedes tanto em Espanha (Madrid) como em Portugal (Lisboa).\" \/>\n<meta name=\"robots\" content=\"index, follow, max-snippet:-1, max-image-preview:large, max-video-preview:-1\" \/>\n<link rel=\"canonical\" href=\"https:\/\/hp-drones.com\/pt-pt\/contacto\/\" \/>\n<meta property=\"og:locale\" content=\"pt_PT\" \/>\n<meta property=\"og:type\" content=\"article\" \/>\n<meta property=\"og:title\" content=\"Contacte connosco | HPDRONES\" \/>\n<meta property=\"og:description\" content=\"Se tiver alguma d\u00favida, entre em contacto connosco sem qualquer compromisso! Temos sedes tanto em Espanha (Madrid) como em Portugal (Lisboa).\" \/>\n<meta property=\"og:site_name\" content=\"HPDRONES\" \/>\n<meta property=\"article:modified_time\" content=\"2026-03-27T17:27:01+00:00\" \/>\n<meta name=\"twitter:card\" content=\"summary_large_image\" \/>\n<meta name=\"twitter:label1\" content=\"Tempo estimado de leitura\" \/>\n\t<meta name=\"twitter:data1\" content=\"1 minuto\" \/>\n<script type=\"application\/ld+json\" class=\"yoast-schema-graph\">{\"@context\":\"https:\/\/schema.org\",\"@graph\":[{\"@type\":\"WebPage\",\"@id\":\"https:\/\/hp-drones.com\/pt-pt\/contacto\/\",\"url\":\"https:\/\/hp-drones.com\/pt-pt\/contacto\/\",\"name\":\"Contacte connosco | HPDRONES\",\"isPartOf\":{\"@id\":\"https:\/\/hp-drones.com\/pt-pt\/#website\"},\"datePublished\":\"2022-02-03T18:02:13+00:00\",\"dateModified\":\"2026-03-27T17:27:01+00:00\",\"description\":\"Se tiver alguma d\u00favida, entre em contacto connosco sem qualquer compromisso! Temos sedes tanto em Espanha (Madrid) como em Portugal (Lisboa).\",\"breadcrumb\":{\"@id\":\"https:\/\/hp-drones.com\/pt-pt\/contacto\/#breadcrumb\"},\"inLanguage\":\"pt-PT\",\"potentialAction\":[{\"@type\":\"ReadAction\",\"target\":[\"https:\/\/hp-drones.com\/pt-pt\/contacto\/\"]}]},{\"@type\":\"BreadcrumbList\",\"@id\":\"https:\/\/hp-drones.com\/pt-pt\/contacto\/#breadcrumb\",\"itemListElement\":[{\"@type\":\"ListItem\",\"position\":1,\"name\":\"Portada\",\"item\":\"https:\/\/hp-drones.com\/pt-pt\/\"},{\"@type\":\"ListItem\",\"position\":2,\"name\":\"Contacto\"}]},{\"@type\":\"WebSite\",\"@id\":\"https:\/\/hp-drones.com\/pt-pt\/#website\",\"url\":\"https:\/\/hp-drones.com\/pt-pt\/\",\"name\":\"HPDRONES\",\"description\":\"\",\"publisher\":{\"@id\":\"https:\/\/hp-drones.com\/pt-pt\/#organization\"},\"potentialAction\":[{\"@type\":\"SearchAction\",\"target\":{\"@type\":\"EntryPoint\",\"urlTemplate\":\"https:\/\/hp-drones.com\/pt-pt\/?s={search_term_string}\"},\"query-input\":{\"@type\":\"PropertyValueSpecification\",\"valueRequired\":true,\"valueName\":\"search_term_string\"}}],\"inLanguage\":\"pt-PT\"},{\"@type\":\"Organization\",\"@id\":\"https:\/\/hp-drones.com\/pt-pt\/#organization\",\"name\":\"HPDRONES\",\"url\":\"https:\/\/hp-drones.com\/pt-pt\/\",\"logo\":{\"@type\":\"ImageObject\",\"inLanguage\":\"pt-PT\",\"@id\":\"https:\/\/hp-drones.com\/pt-pt\/#\/schema\/logo\/image\/\",\"url\":\"https:\/\/hp-drones.com\/wp-content\/uploads\/2022\/01\/logo_drone.png\",\"contentUrl\":\"https:\/\/hp-drones.com\/wp-content\/uploads\/2022\/01\/logo_drone.png\",\"width\":500,\"height\":46,\"caption\":\"HPDRONES\"},\"image\":{\"@id\":\"https:\/\/hp-drones.com\/pt-pt\/#\/schema\/logo\/image\/\"}}]}<\/script>\n<!-- \/ Yoast SEO plugin. -->","yoast_head_json":{"title":"Contacte connosco | HPDRONES","description":"Se tiver alguma d\u00favida, entre em contacto connosco sem qualquer compromisso! Temos sedes tanto em Espanha (Madrid) como em Portugal (Lisboa).","robots":{"index":"index","follow":"follow","max-snippet":"max-snippet:-1","max-image-preview":"max-image-preview:large","max-video-preview":"max-video-preview:-1"},"canonical":"https:\/\/hp-drones.com\/pt-pt\/contacto\/","og_locale":"pt_PT","og_type":"article","og_title":"Contacte connosco | HPDRONES","og_description":"Se tiver alguma d\u00favida, entre em contacto connosco sem qualquer compromisso! Temos sedes tanto em Espanha (Madrid) como em Portugal (Lisboa).","og_site_name":"HPDRONES","article_modified_time":"2026-03-27T17:27:01+00:00","twitter_card":"summary_large_image","twitter_misc":{"Tempo estimado de leitura":"1 minuto"},"schema":{"@context":"https:\/\/schema.org","@graph":[{"@type":"WebPage","@id":"https:\/\/hp-drones.com\/pt-pt\/contacto\/","url":"https:\/\/hp-drones.com\/pt-pt\/contacto\/","name":"Contacte connosco | HPDRONES","isPartOf":{"@id":"https:\/\/hp-drones.com\/pt-pt\/#website"},"datePublished":"2022-02-03T18:02:13+00:00","dateModified":"2026-03-27T17:27:01+00:00","description":"Se tiver alguma d\u00favida, entre em contacto connosco sem qualquer compromisso! Temos sedes tanto em Espanha (Madrid) como em Portugal (Lisboa).","breadcrumb":{"@id":"https:\/\/hp-drones.com\/pt-pt\/contacto\/#breadcrumb"},"inLanguage":"pt-PT","potentialAction":[{"@type":"ReadAction","target":["https:\/\/hp-drones.com\/pt-pt\/contacto\/"]}]},{"@type":"BreadcrumbList","@id":"https:\/\/hp-drones.com\/pt-pt\/contacto\/#breadcrumb","itemListElement":[{"@type":"ListItem","position":1,"name":"Portada","item":"https:\/\/hp-drones.com\/pt-pt\/"},{"@type":"ListItem","position":2,"name":"Contacto"}]},{"@type":"WebSite","@id":"https:\/\/hp-drones.com\/pt-pt\/#website","url":"https:\/\/hp-drones.com\/pt-pt\/","name":"HPDRONES","description":"","publisher":{"@id":"https:\/\/hp-drones.com\/pt-pt\/#organization"},"potentialAction":[{"@type":"SearchAction","target":{"@type":"EntryPoint","urlTemplate":"https:\/\/hp-drones.com\/pt-pt\/?s={search_term_string}"},"query-input":{"@type":"PropertyValueSpecification","valueRequired":true,"valueName":"search_term_string"}}],"inLanguage":"pt-PT"},{"@type":"Organization","@id":"https:\/\/hp-drones.com\/pt-pt\/#organization","name":"HPDRONES","url":"https:\/\/hp-drones.com\/pt-pt\/","logo":{"@type":"ImageObject","inLanguage":"pt-PT","@id":"https:\/\/hp-drones.com\/pt-pt\/#\/schema\/logo\/image\/","url":"https:\/\/hp-drones.com\/wp-content\/uploads\/2022\/01\/logo_drone.png","contentUrl":"https:\/\/hp-drones.com\/wp-content\/uploads\/2022\/01\/logo_drone.png","width":500,"height":46,"caption":"HPDRONES"},"image":{"@id":"https:\/\/hp-drones.com\/pt-pt\/#\/schema\/logo\/image\/"}}]}},"_links":{"self":[{"href":"https:\/\/hp-drones.com\/pt-pt\/wp-json\/wp\/v2\/pages\/3390","targetHints":{"allow":["GET"]}}],"collection":[{"href":"https:\/\/hp-drones.com\/pt-pt\/wp-json\/wp\/v2\/pages"}],"about":[{"href":"https:\/\/hp-drones.com\/pt-pt\/wp-json\/wp\/v2\/types\/page"}],"author":[{"embeddable":true,"href":"https:\/\/hp-drones.com\/pt-pt\/wp-json\/wp\/v2\/users\/1"}],"replies":[{"embeddable":true,"href":"https:\/\/hp-drones.com\/pt-pt\/wp-json\/wp\/v2\/comments?post=3390"}],"version-history":[{"count":16,"href":"https:\/\/hp-drones.com\/pt-pt\/wp-json\/wp\/v2\/pages\/3390\/revisions"}],"predecessor-version":[{"id":25221,"href":"https:\/\/hp-drones.com\/pt-pt\/wp-json\/wp\/v2\/pages\/3390\/revisions\/25221"}],"wp:attachment":[{"href":"https:\/\/hp-drones.com\/pt-pt\/wp-json\/wp\/v2\/media?parent=3390"}],"curies":[{"name":"wp","href":"https:\/\/api.w.org\/{rel}","templated":true}]}}