{"id":21081,"date":"2025-02-21T11:42:46","date_gmt":"2025-02-21T11:42:46","guid":{"rendered":"https:\/\/hp-drones.com\/agricultura\/"},"modified":"2026-03-20T11:37:10","modified_gmt":"2026-03-20T11:37:10","slug":"agricultura","status":"publish","type":"page","link":"https:\/\/hp-drones.com\/pt-pt\/agricultura\/","title":{"rendered":"Agricultura"},"content":{"rendered":"<p>[et_pb_section fb_built=&#8221;1&#8243; _builder_version=&#8221;4.27.0&#8243; _module_preset=&#8221;default&#8221; use_background_color_gradient=&#8221;on&#8221; background_color_gradient_stops=&#8221;rgba(0,0,0,0.53) 0%|rgba(0,0,0,0.24) 100%&#8221; background_color_gradient_overlays_image=&#8221;on&#8221; background_color_gradient_start=&#8221;rgba(0,0,0,0.53)&#8221; background_color_gradient_end=&#8221;rgba(0,0,0,0.24)&#8221; background_image=&#8221;https:\/\/hp-drones.com\/wp-content\/uploads\/2024\/06\/agrast25t50.png&#8221; custom_margin=&#8221;-71px|||||&#8221; custom_padding=&#8221;73px||73px||true|false&#8221; global_colors_info=&#8221;{}&#8221;][et_pb_row use_custom_gutter=&#8221;on&#8221; make_equal=&#8221;on&#8221; custom_padding_last_edited=&#8221;on|phone&#8221; _builder_version=&#8221;4.16&#8243; _module_preset=&#8221;default&#8221; width=&#8221;90%&#8221; custom_padding=&#8221;46px||0px||false|&#8221; custom_padding_tablet=&#8221;46px||0px||false|&#8221; custom_padding_phone=&#8221;88px||||false|false&#8221; global_colors_info=&#8221;{}&#8221;][et_pb_column type=&#8221;4_4&#8243; _builder_version=&#8221;4.16&#8243; _module_preset=&#8221;default&#8221; global_colors_info=&#8221;{}&#8221;][et_pb_text _builder_version=&#8221;4.27.0&#8243; _module_preset=&#8221;default&#8221; header_font=&#8221;|300|||||||&#8221; header_text_color=&#8221;#FFFFFF&#8221; header_font_size=&#8221;54px&#8221; header_4_font=&#8221;|300|||||||&#8221; header_4_text_color=&#8221;#FFFFFF&#8221; header_4_font_size=&#8221;21px&#8221; header_text_shadow_style=&#8221;preset1&#8243; global_colors_info=&#8221;{}&#8221;]<\/p>\n<h1>AGRICULTURA<\/h1>\n<p>[\/et_pb_text][\/et_pb_column][\/et_pb_row][\/et_pb_section][et_pb_section fb_built=&#8221;1&#8243; _builder_version=&#8221;4.16&#8243; _module_preset=&#8221;default&#8221; custom_padding=&#8221;0px||0px|||&#8221; global_colors_info=&#8221;{}&#8221;][et_pb_row _builder_version=&#8221;4.16&#8243; _module_preset=&#8221;default&#8221; width=&#8221;90%&#8221; global_colors_info=&#8221;{}&#8221;][et_pb_column type=&#8221;4_4&#8243; _builder_version=&#8221;4.16&#8243; _module_preset=&#8221;default&#8221; global_colors_info=&#8221;{}&#8221;][et_pb_divider _builder_version=&#8221;4.16&#8243; _module_preset=&#8221;default&#8221; global_colors_info=&#8221;{}&#8221;][\/et_pb_divider][\/et_pb_column][\/et_pb_row][et_pb_row _builder_version=&#8221;4.27.0&#8243; _module_preset=&#8221;default&#8221; custom_margin=&#8221;-49px|auto||auto||&#8221; global_colors_info=&#8221;{}&#8221;][et_pb_column type=&#8221;4_4&#8243; _builder_version=&#8221;4.27.0&#8243; _module_preset=&#8221;default&#8221; global_colors_info=&#8221;{}&#8221;][et_pb_button button_url=&#8221;https:\/\/hp-drones.com\/pt-pt\/contacto\/&#8221; button_text=&#8221;CONTACTO&#8221; button_alignment=&#8221;center&#8221; _builder_version=&#8221;4.27.0&#8243; _module_preset=&#8221;default&#8221; custom_button=&#8221;on&#8221; button_text_size=&#8221;22px&#8221; button_text_color=&#8221;#FFFFFF&#8221; button_bg_color=&#8221;#E02B20&#8243; button_border_radius=&#8221;3px&#8221; background_layout=&#8221;dark&#8221; hover_enabled=&#8221;0&#8243; locked=&#8221;off&#8221; global_colors_info=&#8221;{}&#8221; sticky_enabled=&#8221;0&#8243;][\/et_pb_button][\/et_pb_column][\/et_pb_row][et_pb_row _builder_version=&#8221;4.27.0&#8243; _module_preset=&#8221;default&#8221; custom_margin=&#8221;-49px|auto||auto||&#8221; global_colors_info=&#8221;{}&#8221;][et_pb_column type=&#8221;4_4&#8243; _builder_version=&#8221;4.27.0&#8243; _module_preset=&#8221;default&#8221; global_colors_info=&#8221;{}&#8221;][et_pb_text _builder_version=&#8221;4.27.0&#8243; _module_preset=&#8221;default&#8221; global_colors_info=&#8221;{}&#8221;]<\/p>\n<p style=\"text-align: center;\">A <strong>agricultura de precis\u00e3o<\/strong> est\u00e1 a transformar profundamente a forma como produzimos, gerimos e cuidamos das culturas. Numa era em que a efici\u00eancia, a sustentabilidade e a tomada de decis\u00f5es baseada em dados s\u00e3o essenciais, os drones agr\u00edcolas desempenham um papel estrat\u00e9gico no apoio \u00e0s explora\u00e7\u00f5es agr\u00edcolas modernas. <\/p>\n<p style=\"text-align: center;\">Na <strong>HPDRONES<\/strong> oferecemos solu\u00e7\u00f5es completas com drones especialmente desenvolvidos para o setor agr\u00edcola. Gra\u00e7as \u00e0 sua tecnologia avan\u00e7ada, os nossos equipamentos permitem realizar tarefas como monitoriza\u00e7\u00e3o de culturas, cartografia a\u00e9rea de terrenos, pulveriza\u00e7\u00e3o localizada e an\u00e1lise multiespectral, com grande precis\u00e3o e rapidez. <\/p>\n<p style=\"text-align: center;\">Essas ferramentas tecnol\u00f3gicas permitem identificar pragas e doen\u00e7as mais cedo, avaliar o estado nutricional das plantas, medir \u00e1reas com stress h\u00eddrico e aplicar tratamentos com maior precis\u00e3o, tudo isso com o objetivo de reduzir o desperd\u00edcio, aumentar a produtividade e diminuir o impacto ambiental.<\/p>\n<p style=\"text-align: center;\">A nossa equipa t\u00e9cnica est\u00e1 preparada para apoiar os produtores agr\u00edcolas, cooperativas e empresas do setor na ado\u00e7\u00e3o dessas solu\u00e7\u00f5es, com forma\u00e7\u00e3o, assist\u00eancia e acompanhamento especializado. Seja em grandes culturas, vinhas, olivais ou estufas, ajudamos a integrar a tecnologia de drones na estrat\u00e9gia agr\u00edcola de forma eficaz e segura. <\/p>\n<p style=\"text-align: center;\">Descubra como a <strong>HPDRONES<\/strong> pode ser o seu parceiro tecnol\u00f3gico na moderniza\u00e7\u00e3o da agricultura. O futuro do campo j\u00e1 come\u00e7ou e voa cada vez mais alto. <\/p>\n<p>[\/et_pb_text][\/et_pb_column][\/et_pb_row][\/et_pb_section][et_pb_section fb_built=&#8221;1&#8243; _builder_version=&#8221;4.16&#8243; _module_preset=&#8221;default&#8221; custom_padding=&#8221;39px||92px|||&#8221; locked=&#8221;off&#8221; global_colors_info=&#8221;{}&#8221;][et_pb_row column_structure=&#8221;1_2,1_2&#8243; make_equal=&#8221;on&#8221; disabled_on=&#8221;off|off|off&#8221; _builder_version=&#8221;4.16&#8243; _module_preset=&#8221;default&#8221; width=&#8221;95%&#8221; global_colors_info=&#8221;{}&#8221;][et_pb_column type=&#8221;1_2&#8243; _builder_version=&#8221;4.16&#8243; _module_preset=&#8221;default&#8221; global_colors_info=&#8221;{}&#8221;][et_pb_image src=&#8221;https:\/\/hp-drones.com\/wp-content\/uploads\/2025\/11\/0S3B4219-scaled.jpg&#8221; title_text=&#8221;img1 t100&#8243; _builder_version=&#8221;4.27.0&#8243; _module_preset=&#8221;default&#8221; custom_margin=&#8221;||19px|||&#8221; global_colors_info=&#8221;{}&#8221;][\/et_pb_image][et_pb_text _builder_version=&#8221;4.27.0&#8243; _module_preset=&#8221;default&#8221; custom_margin=&#8221;||30px|||&#8221; text_font_size_tablet=&#8221;18px&#8221; text_font_size_phone=&#8221;18px&#8221; text_font_size_last_edited=&#8221;on|phone&#8221; global_colors_info=&#8221;{}&#8221;]<\/p>\n<h3>DJI AGRAS T100<\/h3>\n<p style=\"text-align: justify;\"><span dir=\"auto\">O drone <strong>Agras T100<\/strong>, uma cria\u00e7\u00e3o revolucion\u00e1ria desenvolvida ap\u00f3s doze anos de trabalho, tem uma capacidade de carga m\u00e1xima de 100 kg.<\/span><span dir=\"auto\">. A sua efici\u00eancia operacional duplicou, permitindo m\u00faltiplas aplica\u00e7\u00f5es, tais como pulveriza\u00e7\u00e3o, espalhamento e eleva\u00e7\u00e3o. Gra\u00e7as aos seus sistemas de seguran\u00e7a l\u00edderes no setor <\/span><span dir=\"auto\"><span> <\/span>e seus algoritmos avan\u00e7ados, oferece um desempenho de seguran\u00e7a sem precedentes e uma experi\u00eancia operacional inteligente.<\/span><\/p>\n<p>[\/et_pb_text][et_pb_button button_url=&#8221;https:\/\/hp-drones.com\/pt-pt\/drones\/dji-agras-t100\/&#8221; button_text=&#8221;ACEDER AO PRODUTO&#8221; button_alignment=&#8221;center&#8221; button_alignment_tablet=&#8221;right&#8221; button_alignment_phone=&#8221;left&#8221; button_alignment_last_edited=&#8221;on|phone&#8221; _builder_version=&#8221;4.27.0&#8243; _module_preset=&#8221;default&#8221; custom_button=&#8221;on&#8221; button_text_size=&#8221;17px&#8221; button_text_color=&#8221;#FFFFFF&#8221; button_bg_color=&#8221;#E02B20&#8243; custom_margin=&#8221;-6px|||||&#8221; global_colors_info=&#8221;{}&#8221;][\/et_pb_button][\/et_pb_column][et_pb_column type=&#8221;1_2&#8243; _builder_version=&#8221;4.16&#8243; _module_preset=&#8221;default&#8221; global_colors_info=&#8221;{}&#8221;][et_pb_image src=&#8221;https:\/\/hp-drones.com\/wp-content\/uploads\/2025\/11\/0S3B3447-scaled.jpg&#8221; title_text=&#8221;img3 t25p&#8221; _builder_version=&#8221;4.27.0&#8243; _module_preset=&#8221;default&#8221; global_colors_info=&#8221;{}&#8221;][\/et_pb_image][et_pb_text _builder_version=&#8221;4.27.0&#8243; _module_preset=&#8221;default&#8221; custom_margin=&#8221;-14px||1px|||&#8221; custom_padding=&#8221;||9px|||&#8221; global_colors_info=&#8221;{}&#8221;]<\/p>\n<h3>DJI AGRAS T25P<\/h3>\n<p style=\"text-align: justify;\">O drone DJI Agras T25P<span>  Mant\u00e9m o seu design compacto e dobr\u00e1vel, com uma capacidade de pulveriza\u00e7\u00e3o de 20 kg, um sistema melhorado de espalhador de alimenta\u00e7\u00e3o de parafuso 4.0 de alta precis\u00e3o de 25 kg e o sistema de seguran\u00e7a 3.0. Destaca-se no mapeamento a\u00e9reo e na prote\u00e7\u00e3o de plantas, oferecendo opera\u00e7\u00f5es flex\u00edveis e mobilidade confort\u00e1vel, tornando-o ideal para opera\u00e7\u00f5es a solo.<\/span><\/p>\n<p>[\/et_pb_text][et_pb_text _builder_version=&#8221;4.16&#8243; _module_preset=&#8221;default&#8221; custom_margin=&#8221;||5px|||&#8221; locked=&#8221;off&#8221; global_colors_info=&#8221;{}&#8221;][\/et_pb_text][et_pb_button button_url=&#8221;https:\/\/hp-drones.com\/pt-pt\/drones\/dji-agras-t25p\/&#8221; button_text=&#8221;ACEDER AO PRODUTO&#8221; button_alignment=&#8221;center&#8221; button_alignment_tablet=&#8221;right&#8221; button_alignment_phone=&#8221;left&#8221; button_alignment_last_edited=&#8221;on|phone&#8221; _builder_version=&#8221;4.27.0&#8243; _module_preset=&#8221;default&#8221; custom_button=&#8221;on&#8221; button_text_size=&#8221;17px&#8221; button_text_color=&#8221;#FFFFFF&#8221; button_bg_color=&#8221;#E02B20&#8243; custom_margin=&#8221;-6px|||||&#8221; locked=&#8221;off&#8221; global_colors_info=&#8221;{}&#8221;][\/et_pb_button][\/et_pb_column][\/et_pb_row][et_pb_row column_structure=&#8221;1_3,1_3,1_3&#8243; make_equal=&#8221;on&#8221; disabled_on=&#8221;off|off|off&#8221; _builder_version=&#8221;4.16&#8243; _module_preset=&#8221;default&#8221; width=&#8221;95%&#8221; global_colors_info=&#8221;{}&#8221;][et_pb_column type=&#8221;1_3&#8243; _builder_version=&#8221;4.16&#8243; _module_preset=&#8221;default&#8221; global_colors_info=&#8221;{}&#8221;][et_pb_image src=&#8221;https:\/\/hp-drones.com\/wp-content\/uploads\/2024\/04\/BI5A0650-scaled.jpg&#8221; title_text=&#8221;BI5A0650&#8243; _builder_version=&#8221;4.27.0&#8243; _module_preset=&#8221;default&#8221; custom_margin=&#8221;||19px|||&#8221; global_colors_info=&#8221;{}&#8221;][\/et_pb_image][et_pb_text _builder_version=&#8221;4.27.0&#8243; _module_preset=&#8221;default&#8221; custom_margin=&#8221;||30px|||&#8221; text_font_size_tablet=&#8221;18px&#8221; text_font_size_phone=&#8221;18px&#8221; text_font_size_last_edited=&#8221;on|phone&#8221; global_colors_info=&#8221;{}&#8221;]<\/p>\n<h3>DJI AGRAS T50<\/h3>\n<p style=\"text-align: justify;\">O Agras T50 tem uma estrutura antitors\u00e3o que garante um funcionamento confi\u00e1vel. O sistema de pulveriza\u00e7\u00e3o integrado pode ser equipado com um pacote opcional de pulveriza\u00e7\u00e3o de pomares ou trocado por um sistema de espalhamento com uma carga de at\u00e9 50 kg. <\/p>\n<p>[\/et_pb_text][et_pb_button button_url=&#8221;https:\/\/hp-drones.com\/pt-pt\/drones\/dji-agras-t50\/&#8221; button_text=&#8221;ACEDER AO PRODUTO&#8221; button_alignment=&#8221;center&#8221; button_alignment_tablet=&#8221;right&#8221; button_alignment_phone=&#8221;left&#8221; button_alignment_last_edited=&#8221;on|phone&#8221; _builder_version=&#8221;4.27.0&#8243; _module_preset=&#8221;default&#8221; custom_button=&#8221;on&#8221; button_text_size=&#8221;17px&#8221; button_text_color=&#8221;#FFFFFF&#8221; button_bg_color=&#8221;#E02B20&#8243; custom_margin=&#8221;-6px|||||&#8221; global_colors_info=&#8221;{}&#8221;][\/et_pb_button][\/et_pb_column][et_pb_column type=&#8221;1_3&#8243; _builder_version=&#8221;4.16&#8243; _module_preset=&#8221;default&#8221; global_colors_info=&#8221;{}&#8221;][et_pb_image src=&#8221;https:\/\/hp-drones.com\/wp-content\/uploads\/2024\/05\/BI5A9437-scaled.jpg&#8221; title_text=&#8221;BI5A9437&#8243; _builder_version=&#8221;4.27.0&#8243; _module_preset=&#8221;default&#8221; global_colors_info=&#8221;{}&#8221;][\/et_pb_image][et_pb_text _builder_version=&#8221;4.27.0&#8243; _module_preset=&#8221;default&#8221; custom_margin=&#8221;-14px||1px|||&#8221; custom_padding=&#8221;||9px|||&#8221; global_colors_info=&#8221;{}&#8221;]<\/p>\n<h3>DJI AGRAS T25<\/h3>\n<p style=\"text-align: justify;\">O DJI AGRAS T25 pode transportar uma carga \u00fatil de pulveriza\u00e7\u00e3o de at\u00e9 20 kg ou uma carga \u00fatil de espalhamento de at\u00e9 25 kg. Est\u00e1 equipado com radares phased array \u00e0 frente e atr\u00e1s, um sistema de vis\u00e3o binocular e uma c\u00e2mara gimbal FPV de alta resolu\u00e7\u00e3o.  <\/p>\n<p>[\/et_pb_text][et_pb_text _builder_version=&#8221;4.16&#8243; _module_preset=&#8221;default&#8221; custom_margin=&#8221;||5px|||&#8221; locked=&#8221;off&#8221; global_colors_info=&#8221;{}&#8221;][\/et_pb_text][et_pb_button button_url=&#8221;https:\/\/hp-drones.com\/pt-pt\/drones\/dji-agras-t25\/&#8221; button_text=&#8221;ACEDER AO PRODUTO&#8221; button_alignment=&#8221;center&#8221; button_alignment_tablet=&#8221;right&#8221; button_alignment_phone=&#8221;left&#8221; button_alignment_last_edited=&#8221;on|phone&#8221; _builder_version=&#8221;4.27.0&#8243; _module_preset=&#8221;default&#8221; custom_button=&#8221;on&#8221; button_text_size=&#8221;17px&#8221; button_text_color=&#8221;#FFFFFF&#8221; button_bg_color=&#8221;#E02B20&#8243; custom_margin=&#8221;-6px|||||&#8221; locked=&#8221;off&#8221; global_colors_info=&#8221;{}&#8221;][\/et_pb_button][\/et_pb_column][et_pb_column type=&#8221;1_3&#8243; _builder_version=&#8221;4.16&#8243; _module_preset=&#8221;default&#8221; global_colors_info=&#8221;{}&#8221;][et_pb_image src=&#8221;https:\/\/hp-drones.com\/wp-content\/uploads\/2025\/02\/DJI-Mavic-3-Multispectral-flying-scaled.jpg&#8221; title_text=&#8221;DJI Mavic 3 Multispectral flying&#8221; _builder_version=&#8221;4.27.0&#8243; _module_preset=&#8221;default&#8221; locked=&#8221;off&#8221; global_colors_info=&#8221;{}&#8221;][\/et_pb_image][et_pb_text _builder_version=&#8221;4.27.0&#8243; _module_preset=&#8221;default&#8221; custom_margin=&#8221;-14px||1px|||&#8221; custom_padding=&#8221;||0px|||&#8221; global_colors_info=&#8221;{}&#8221;]<\/p>\n<h3>DJI MAVIC 3 MULTISPECTRAL<\/h3>\n<p style=\"text-align: justify;\">Um levantamento a\u00e9reo eficaz precisa de ver o invis\u00edvel. O Mavic 3 Multispectral tem duas formas de visualiza\u00e7\u00e3o. Combina uma c\u00e2mara RGB com uma c\u00e2mara multiespectral para digitalizar e analisar o crescimento das culturas com total clareza. A gest\u00e3o da produ\u00e7\u00e3o agr\u00edcola requer precis\u00e3o e dados, e a Mavic 3M oferece ambos.<\/p>\n<p>[\/et_pb_text][et_pb_text _builder_version=&#8221;4.16&#8243; _module_preset=&#8221;default&#8221; custom_margin=&#8221;||5px|||&#8221; locked=&#8221;off&#8221; global_colors_info=&#8221;{}&#8221;][\/et_pb_text][et_pb_button button_url=&#8221;https:\/\/hp-drones.com\/pt-pt\/drones\/mavic-3-multispectral\/&#8221; button_text=&#8221;ACEDER AO PRODUTO&#8221; button_alignment=&#8221;center&#8221; button_alignment_tablet=&#8221;right&#8221; button_alignment_phone=&#8221;left&#8221; button_alignment_last_edited=&#8221;on|phone&#8221; _builder_version=&#8221;4.27.0&#8243; _module_preset=&#8221;default&#8221; custom_button=&#8221;on&#8221; button_text_size=&#8221;17px&#8221; button_text_color=&#8221;#FFFFFF&#8221; button_bg_color=&#8221;#E02B20&#8243; custom_margin=&#8221;-6px|||||&#8221; locked=&#8221;off&#8221; global_colors_info=&#8221;{}&#8221;][\/et_pb_button][\/et_pb_column][\/et_pb_row][et_pb_row _builder_version=&#8221;4.27.0&#8243; _module_preset=&#8221;default&#8221; width=&#8221;76%&#8221; hover_enabled=&#8221;0&#8243; box_shadow_style=&#8221;preset1&#8243; locked=&#8221;off&#8221; global_colors_info=&#8221;{}&#8221; disabled_on=&#8221;on|on|on&#8221; disabled=&#8221;on&#8221; sticky_enabled=&#8221;0&#8243;][et_pb_column type=&#8221;4_4&#8243; _builder_version=&#8221;4.16&#8243; _module_preset=&#8221;default&#8221; global_colors_info=&#8221;{}&#8221;][et_pb_text _builder_version=&#8221;4.27.0&#8243; _module_preset=&#8221;default&#8221; header_2_text_align=&#8221;center&#8221; header_2_text_color=&#8221;#E02B20&#8243; global_colors_info=&#8221;{}&#8221;]<\/p>\n<h2 id=\"h_55822580341696417285871\"><a href=\"#h_55822580341696417285871\">Contacte-nos<\/a><\/h2>\n<p><span>[ninja_form id=&#8221;16&#8243;]<\/span><\/p>\n<p>[\/et_pb_text][\/et_pb_column][\/et_pb_row][\/et_pb_section]<\/p>\n","protected":false},"excerpt":{"rendered":"<p>AGRICULTURAA agricultura de precis\u00e3o est\u00e1 a transformar profundamente a forma como produzimos, gerimos e cuidamos das culturas. Numa era em que a efici\u00eancia, a sustentabilidade e a tomada de decis\u00f5es baseada em dados s\u00e3o essenciais, os drones agr\u00edcolas desempenham um papel estrat\u00e9gico no apoio \u00e0s explora\u00e7\u00f5es agr\u00edcolas modernas. Na HPDRONES oferecemos solu\u00e7\u00f5es completas com drones [&hellip;]<\/p>\n","protected":false},"author":3,"featured_media":0,"parent":0,"menu_order":0,"comment_status":"closed","ping_status":"closed","template":"","meta":{"_et_pb_use_builder":"on","_et_pb_old_content":"","_et_gb_content_width":"","footnotes":""},"class_list":["post-21081","page","type-page","status-publish","hentry"],"acf":[],"yoast_head":"<!-- This site is optimized with the Yoast SEO plugin v27.1.1 - https:\/\/yoast.com\/product\/yoast-seo-wordpress\/ -->\n<title>Agricultura - HPDRONES<\/title>\n<meta name=\"robots\" content=\"index, follow, max-snippet:-1, max-image-preview:large, max-video-preview:-1\" \/>\n<link rel=\"canonical\" href=\"https:\/\/hp-drones.com\/pt-pt\/agricultura\/\" \/>\n<meta property=\"og:locale\" content=\"pt_PT\" \/>\n<meta property=\"og:type\" content=\"article\" \/>\n<meta property=\"og:title\" content=\"Agricultura - HPDRONES\" \/>\n<meta property=\"og:site_name\" content=\"HPDRONES\" \/>\n<meta property=\"article:modified_time\" content=\"2026-03-20T11:37:10+00:00\" \/>\n<meta name=\"twitter:card\" content=\"summary_large_image\" \/>\n<meta name=\"twitter:label1\" content=\"Tempo estimado de leitura\" \/>\n\t<meta name=\"twitter:data1\" content=\"9 minutos\" \/>\n<script type=\"application\/ld+json\" class=\"yoast-schema-graph\">{\"@context\":\"https:\/\/schema.org\",\"@graph\":[{\"@type\":\"WebPage\",\"@id\":\"https:\/\/hp-drones.com\/pt-pt\/agricultura\/\",\"url\":\"https:\/\/hp-drones.com\/pt-pt\/agricultura\/\",\"name\":\"Agricultura - HPDRONES\",\"isPartOf\":{\"@id\":\"https:\/\/hp-drones.com\/pt-pt\/#website\"},\"datePublished\":\"2025-02-21T11:42:46+00:00\",\"dateModified\":\"2026-03-20T11:37:10+00:00\",\"breadcrumb\":{\"@id\":\"https:\/\/hp-drones.com\/pt-pt\/agricultura\/#breadcrumb\"},\"inLanguage\":\"pt-PT\",\"potentialAction\":[{\"@type\":\"ReadAction\",\"target\":[\"https:\/\/hp-drones.com\/pt-pt\/agricultura\/\"]}]},{\"@type\":\"BreadcrumbList\",\"@id\":\"https:\/\/hp-drones.com\/pt-pt\/agricultura\/#breadcrumb\",\"itemListElement\":[{\"@type\":\"ListItem\",\"position\":1,\"name\":\"Portada\",\"item\":\"https:\/\/hp-drones.com\/pt-pt\/\"},{\"@type\":\"ListItem\",\"position\":2,\"name\":\"Agricultura\"}]},{\"@type\":\"WebSite\",\"@id\":\"https:\/\/hp-drones.com\/pt-pt\/#website\",\"url\":\"https:\/\/hp-drones.com\/pt-pt\/\",\"name\":\"HPDRONES\",\"description\":\"\",\"publisher\":{\"@id\":\"https:\/\/hp-drones.com\/pt-pt\/#organization\"},\"potentialAction\":[{\"@type\":\"SearchAction\",\"target\":{\"@type\":\"EntryPoint\",\"urlTemplate\":\"https:\/\/hp-drones.com\/pt-pt\/?s={search_term_string}\"},\"query-input\":{\"@type\":\"PropertyValueSpecification\",\"valueRequired\":true,\"valueName\":\"search_term_string\"}}],\"inLanguage\":\"pt-PT\"},{\"@type\":\"Organization\",\"@id\":\"https:\/\/hp-drones.com\/pt-pt\/#organization\",\"name\":\"HPDRONES\",\"url\":\"https:\/\/hp-drones.com\/pt-pt\/\",\"logo\":{\"@type\":\"ImageObject\",\"inLanguage\":\"pt-PT\",\"@id\":\"https:\/\/hp-drones.com\/pt-pt\/#\/schema\/logo\/image\/\",\"url\":\"https:\/\/hp-drones.com\/wp-content\/uploads\/2022\/01\/logo_drone.png\",\"contentUrl\":\"https:\/\/hp-drones.com\/wp-content\/uploads\/2022\/01\/logo_drone.png\",\"width\":500,\"height\":46,\"caption\":\"HPDRONES\"},\"image\":{\"@id\":\"https:\/\/hp-drones.com\/pt-pt\/#\/schema\/logo\/image\/\"}}]}<\/script>\n<!-- \/ Yoast SEO plugin. -->","yoast_head_json":{"title":"Agricultura - HPDRONES","robots":{"index":"index","follow":"follow","max-snippet":"max-snippet:-1","max-image-preview":"max-image-preview:large","max-video-preview":"max-video-preview:-1"},"canonical":"https:\/\/hp-drones.com\/pt-pt\/agricultura\/","og_locale":"pt_PT","og_type":"article","og_title":"Agricultura - HPDRONES","og_site_name":"HPDRONES","article_modified_time":"2026-03-20T11:37:10+00:00","twitter_card":"summary_large_image","twitter_misc":{"Tempo estimado de leitura":"9 minutos"},"schema":{"@context":"https:\/\/schema.org","@graph":[{"@type":"WebPage","@id":"https:\/\/hp-drones.com\/pt-pt\/agricultura\/","url":"https:\/\/hp-drones.com\/pt-pt\/agricultura\/","name":"Agricultura - HPDRONES","isPartOf":{"@id":"https:\/\/hp-drones.com\/pt-pt\/#website"},"datePublished":"2025-02-21T11:42:46+00:00","dateModified":"2026-03-20T11:37:10+00:00","breadcrumb":{"@id":"https:\/\/hp-drones.com\/pt-pt\/agricultura\/#breadcrumb"},"inLanguage":"pt-PT","potentialAction":[{"@type":"ReadAction","target":["https:\/\/hp-drones.com\/pt-pt\/agricultura\/"]}]},{"@type":"BreadcrumbList","@id":"https:\/\/hp-drones.com\/pt-pt\/agricultura\/#breadcrumb","itemListElement":[{"@type":"ListItem","position":1,"name":"Portada","item":"https:\/\/hp-drones.com\/pt-pt\/"},{"@type":"ListItem","position":2,"name":"Agricultura"}]},{"@type":"WebSite","@id":"https:\/\/hp-drones.com\/pt-pt\/#website","url":"https:\/\/hp-drones.com\/pt-pt\/","name":"HPDRONES","description":"","publisher":{"@id":"https:\/\/hp-drones.com\/pt-pt\/#organization"},"potentialAction":[{"@type":"SearchAction","target":{"@type":"EntryPoint","urlTemplate":"https:\/\/hp-drones.com\/pt-pt\/?s={search_term_string}"},"query-input":{"@type":"PropertyValueSpecification","valueRequired":true,"valueName":"search_term_string"}}],"inLanguage":"pt-PT"},{"@type":"Organization","@id":"https:\/\/hp-drones.com\/pt-pt\/#organization","name":"HPDRONES","url":"https:\/\/hp-drones.com\/pt-pt\/","logo":{"@type":"ImageObject","inLanguage":"pt-PT","@id":"https:\/\/hp-drones.com\/pt-pt\/#\/schema\/logo\/image\/","url":"https:\/\/hp-drones.com\/wp-content\/uploads\/2022\/01\/logo_drone.png","contentUrl":"https:\/\/hp-drones.com\/wp-content\/uploads\/2022\/01\/logo_drone.png","width":500,"height":46,"caption":"HPDRONES"},"image":{"@id":"https:\/\/hp-drones.com\/pt-pt\/#\/schema\/logo\/image\/"}}]}},"_links":{"self":[{"href":"https:\/\/hp-drones.com\/pt-pt\/wp-json\/wp\/v2\/pages\/21081","targetHints":{"allow":["GET"]}}],"collection":[{"href":"https:\/\/hp-drones.com\/pt-pt\/wp-json\/wp\/v2\/pages"}],"about":[{"href":"https:\/\/hp-drones.com\/pt-pt\/wp-json\/wp\/v2\/types\/page"}],"author":[{"embeddable":true,"href":"https:\/\/hp-drones.com\/pt-pt\/wp-json\/wp\/v2\/users\/3"}],"replies":[{"embeddable":true,"href":"https:\/\/hp-drones.com\/pt-pt\/wp-json\/wp\/v2\/comments?post=21081"}],"version-history":[{"count":20,"href":"https:\/\/hp-drones.com\/pt-pt\/wp-json\/wp\/v2\/pages\/21081\/revisions"}],"predecessor-version":[{"id":24945,"href":"https:\/\/hp-drones.com\/pt-pt\/wp-json\/wp\/v2\/pages\/21081\/revisions\/24945"}],"wp:attachment":[{"href":"https:\/\/hp-drones.com\/pt-pt\/wp-json\/wp\/v2\/media?parent=21081"}],"curies":[{"name":"wp","href":"https:\/\/api.w.org\/{rel}","templated":true}]}}