{"id":20222,"date":"2024-12-05T15:37:52","date_gmt":"2024-12-05T15:37:52","guid":{"rendered":"https:\/\/hp-drones.com\/dji-matrice-30-series\/"},"modified":"2026-04-13T15:32:25","modified_gmt":"2026-04-13T15:32:25","slug":"dji-matrice-30-series","status":"publish","type":"page","link":"https:\/\/hp-drones.com\/pt-pt\/dji-matrice-30-series\/","title":{"rendered":"DJI MATRICE 30 SERIES"},"content":{"rendered":"<p>[et_pb_section fb_built=&#8221;1&#8243; _builder_version=&#8221;4.27.0&#8243; _module_preset=&#8221;default&#8221; use_background_color_gradient=&#8221;on&#8221; background_color_gradient_stops=&#8221;rgba(0,0,0,0.53) 0%|rgba(0,0,0,0.24) 100%&#8221; background_color_gradient_overlays_image=&#8221;on&#8221; background_color_gradient_start=&#8221;rgba(0,0,0,0.53)&#8221; background_color_gradient_end=&#8221;rgba(0,0,0,0.24)&#8221; background_image=&#8221;https:\/\/hp-drones.com\/wp-content\/uploads\/2024\/12\/M30series-scaled.jpg&#8221; custom_margin=&#8221;-71px|||||&#8221; custom_padding=&#8221;73px||73px||true|false&#8221; global_colors_info=&#8221;{}&#8221;][et_pb_row use_custom_gutter=&#8221;on&#8221; make_equal=&#8221;on&#8221; custom_padding_last_edited=&#8221;on|phone&#8221; _builder_version=&#8221;4.16&#8243; _module_preset=&#8221;default&#8221; width=&#8221;90%&#8221; custom_padding=&#8221;46px||0px||false|&#8221; custom_padding_tablet=&#8221;46px||0px||false|&#8221; custom_padding_phone=&#8221;88px||||false|false&#8221; global_colors_info=&#8221;{}&#8221;][et_pb_column type=&#8221;4_4&#8243; _builder_version=&#8221;4.16&#8243; _module_preset=&#8221;default&#8221; global_colors_info=&#8221;{}&#8221;][et_pb_text _builder_version=&#8221;4.27.0&#8243; _module_preset=&#8221;default&#8221; header_font=&#8221;|300|||||||&#8221; header_text_color=&#8221;#FFFFFF&#8221; header_font_size=&#8221;54px&#8221; header_4_font=&#8221;|300|||||||&#8221; header_4_text_color=&#8221;#FFFFFF&#8221; header_4_font_size=&#8221;21px&#8221; header_text_shadow_style=&#8221;preset1&#8243; global_colors_info=&#8221;{}&#8221;]<\/p>\n<h1>DJI MATRICE 30 SERIES<\/h1>\n<p>[\/et_pb_text][\/et_pb_column][\/et_pb_row][\/et_pb_section][et_pb_section fb_built=&#8221;1&#8243; _builder_version=&#8221;4.16&#8243; _module_preset=&#8221;default&#8221; custom_padding=&#8221;0px||0px|||&#8221; global_colors_info=&#8221;{}&#8221;][et_pb_row _builder_version=&#8221;4.16&#8243; _module_preset=&#8221;default&#8221; width=&#8221;90%&#8221; global_colors_info=&#8221;{}&#8221;][et_pb_column type=&#8221;4_4&#8243; _builder_version=&#8221;4.16&#8243; _module_preset=&#8221;default&#8221; global_colors_info=&#8221;{}&#8221;][et_pb_divider _builder_version=&#8221;4.16&#8243; _module_preset=&#8221;default&#8221; global_colors_info=&#8221;{}&#8221;][\/et_pb_divider][\/et_pb_column][\/et_pb_row][\/et_pb_section][et_pb_section fb_built=&#8221;1&#8243; _builder_version=&#8221;4.16&#8243; _module_preset=&#8221;default&#8221; custom_padding=&#8221;39px||92px|||&#8221; locked=&#8221;off&#8221; global_colors_info=&#8221;{}&#8221;][et_pb_row column_structure=&#8221;1_2,1_2&#8243; make_equal=&#8221;on&#8221; disabled_on=&#8221;off|off|off&#8221; _builder_version=&#8221;4.27.0&#8243; _module_preset=&#8221;default&#8221; width=&#8221;95%&#8221; module_alignment=&#8221;center&#8221; custom_margin=&#8221;|40px||40px|false|true&#8221; custom_padding=&#8221;0px|40px||40px|false|false&#8221; global_colors_info=&#8221;{}&#8221;][et_pb_column type=&#8221;1_2&#8243; _builder_version=&#8221;4.16&#8243; _module_preset=&#8221;default&#8221; global_colors_info=&#8221;{}&#8221;][et_pb_image src=&#8221;https:\/\/hp-drones.com\/wp-content\/uploads\/2024\/12\/Matrice30t-1.jpg&#8221; title_text=&#8221;Matrice30t&#8221; url=&#8221;https:\/\/hp-drones.com\/drones\/matrice-30t\/&#8221; _builder_version=&#8221;4.27.0&#8243; _module_preset=&#8221;default&#8221; width=&#8221;57%&#8221; module_alignment=&#8221;center&#8221; custom_margin=&#8221;||19px|||&#8221; global_colors_info=&#8221;{}&#8221;][\/et_pb_image][et_pb_text _builder_version=&#8221;4.16&#8243; _module_preset=&#8221;default&#8221; custom_margin=&#8221;||5px|||&#8221; global_colors_info=&#8221;{}&#8221;][\/et_pb_text][et_pb_text _builder_version=&#8221;4.27.0&#8243; _module_preset=&#8221;default&#8221; custom_margin=&#8221;||30px|||&#8221; text_font_size_tablet=&#8221;18px&#8221; text_font_size_phone=&#8221;18px&#8221; text_font_size_last_edited=&#8221;on|phone&#8221; global_colors_info=&#8221;{}&#8221;]<\/p>\n<h3>DJI MATRICE 30T<\/h3>\n<p style=\"text-align: justify;\">\n            <span>O DJI Matrice 30T combina pot\u00eancia, portabilidade e precis\u00e3o, tornando-o a escolha ideal para aplica\u00e7\u00f5es industriais, seguran\u00e7a p\u00fablica e inspec\u00e7\u00f5es em condi\u00e7\u00f5es adversas.<\/span>\n          <\/p>\n<p>[\/et_pb_text][et_pb_button button_url=&#8221;https:\/\/hp-drones.com\/pt-pt\/drones\/dji-matrice-30t\/&#8221; button_text=&#8221;ACEDER AO PRODUTO&#8221; button_alignment=&#8221;right&#8221; button_alignment_tablet=&#8221;right&#8221; button_alignment_phone=&#8221;left&#8221; button_alignment_last_edited=&#8221;on|phone&#8221; _builder_version=&#8221;4.27.0&#8243; _module_preset=&#8221;default&#8221; custom_button=&#8221;on&#8221; button_text_size=&#8221;17px&#8221; button_text_color=&#8221;#FFFFFF&#8221; button_bg_color=&#8221;#E02B20&#8243; custom_margin=&#8221;-6px|||||&#8221; global_colors_info=&#8221;{}&#8221;][\/et_pb_button][\/et_pb_column][et_pb_column type=&#8221;1_2&#8243; _builder_version=&#8221;4.16&#8243; _module_preset=&#8221;default&#8221; global_colors_info=&#8221;{}&#8221;][et_pb_image src=&#8221;https:\/\/hp-drones.com\/wp-content\/uploads\/2024\/12\/Matrice30-1.jpg&#8221; title_text=&#8221;Matrice30&#8243; url=&#8221;https:\/\/hp-drones.com\/en\/drones\/dji-m30-series\/&#8221; _builder_version=&#8221;4.27.0&#8243; _module_preset=&#8221;default&#8221; width=&#8221;57%&#8221; module_alignment=&#8221;center&#8221; custom_margin=&#8221;||19px|||&#8221; global_colors_info=&#8221;{}&#8221;][\/et_pb_image][et_pb_text _builder_version=&#8221;4.16&#8243; _module_preset=&#8221;default&#8221; custom_margin=&#8221;||5px|||&#8221; global_colors_info=&#8221;{}&#8221;][\/et_pb_text][et_pb_text _builder_version=&#8221;4.27.0&#8243; _module_preset=&#8221;default&#8221; custom_margin=&#8221;||52px|||&#8221; global_colors_info=&#8221;{}&#8221;]<\/p>\n<h3>DJI MATRICE 30<\/h3>\n<p style=\"text-align: justify;\">\n            <span>O M30 integra c\u00e2maras de grande angular e zoom com um tel\u00e9metro laser, que em conjunto podem captar os dados a\u00e9reos de que necessita, quando necessita. <\/span>\n          <\/p>\n<p>[\/et_pb_text][et_pb_button button_url=&#8221;https:\/\/hp-drones.com\/pt-pt\/drones\/dji-m30-series\/&#8221; button_text=&#8221;ACEDER AO PRODUTO&#8221; button_alignment=&#8221;right&#8221; button_alignment_tablet=&#8221;right&#8221; button_alignment_phone=&#8221;left&#8221; button_alignment_last_edited=&#8221;on|phone&#8221; _builder_version=&#8221;4.27.0&#8243; _module_preset=&#8221;default&#8221; custom_button=&#8221;on&#8221; button_text_size=&#8221;17px&#8221; button_text_color=&#8221;#FFFFFF&#8221; button_bg_color=&#8221;#E02B20&#8243; custom_margin=&#8221;-6px|||||&#8221; global_colors_info=&#8221;{}&#8221;][\/et_pb_button][\/et_pb_column][\/et_pb_row][et_pb_row _builder_version=&#8221;4.27.0&#8243; _module_preset=&#8221;default&#8221; width=&#8221;76%&#8221; hover_enabled=&#8221;0&#8243; box_shadow_style=&#8221;preset1&#8243; locked=&#8221;off&#8221; global_colors_info=&#8221;{}&#8221; disabled_on=&#8221;on|on|on&#8221; disabled=&#8221;on&#8221; sticky_enabled=&#8221;0&#8243;][et_pb_column type=&#8221;4_4&#8243; _builder_version=&#8221;4.16&#8243; _module_preset=&#8221;default&#8221; global_colors_info=&#8221;{}&#8221;][et_pb_text _builder_version=&#8221;4.16&#8243; _module_preset=&#8221;default&#8221; header_2_text_align=&#8221;center&#8221; header_2_text_color=&#8221;#E02B20&#8243; global_colors_info=&#8221;{}&#8221;]<\/p>\n<h2 id=\"h_55822580341696417285871\">\n            <a href=\"#h_55822580341696417285871\">Contacte-nos<\/a><br \/>\n          <\/h2>\n<p>\n            [ninja_form id=&#8221;4&#8243;]\n          <\/p>\n<p>[\/et_pb_text][\/et_pb_column][\/et_pb_row][\/et_pb_section]<\/p>\n","protected":false},"excerpt":{"rendered":"<p>DJI MATRICE 30 SERIESDJI MATRICE 30T O DJI Matrice 30T combina pot\u00eancia, portabilidade e precis\u00e3o, tornando-o a escolha ideal para aplica\u00e7\u00f5es industriais, seguran\u00e7a p\u00fablica e inspec\u00e7\u00f5es em condi\u00e7\u00f5es adversas. DJI MATRICE 30 O M30 integra c\u00e2maras de grande angular e zoom com um tel\u00e9metro laser, que em conjunto podem captar os dados a\u00e9reos de que [&hellip;]<\/p>\n","protected":false},"author":3,"featured_media":0,"parent":0,"menu_order":0,"comment_status":"closed","ping_status":"closed","template":"","meta":{"_et_pb_use_builder":"on","_et_pb_old_content":"","_et_gb_content_width":"","footnotes":""},"class_list":["post-20222","page","type-page","status-publish","hentry"],"acf":[],"yoast_head":"<!-- This site is optimized with the Yoast SEO plugin v27.1.1 - https:\/\/yoast.com\/product\/yoast-seo-wordpress\/ -->\n<title>DJI MATRICE 30 SERIES - HPDRONES<\/title>\n<meta name=\"robots\" content=\"index, follow, max-snippet:-1, max-image-preview:large, max-video-preview:-1\" \/>\n<link rel=\"canonical\" href=\"https:\/\/hp-drones.com\/pt-pt\/dji-matrice-30-series\/\" \/>\n<meta property=\"og:locale\" content=\"pt_PT\" \/>\n<meta property=\"og:type\" content=\"article\" \/>\n<meta property=\"og:title\" content=\"DJI MATRICE 30 SERIES - HPDRONES\" \/>\n<meta property=\"og:site_name\" content=\"HPDRONES\" \/>\n<meta property=\"article:modified_time\" content=\"2026-04-13T15:32:25+00:00\" \/>\n<meta name=\"twitter:card\" content=\"summary_large_image\" \/>\n<meta name=\"twitter:label1\" content=\"Tempo estimado de leitura\" \/>\n\t<meta name=\"twitter:data1\" content=\"2 minutos\" \/>\n<script type=\"application\/ld+json\" class=\"yoast-schema-graph\">{\"@context\":\"https:\/\/schema.org\",\"@graph\":[{\"@type\":\"WebPage\",\"@id\":\"https:\/\/hp-drones.com\/pt-pt\/dji-matrice-30-series\/\",\"url\":\"https:\/\/hp-drones.com\/pt-pt\/dji-matrice-30-series\/\",\"name\":\"DJI MATRICE 30 SERIES - HPDRONES\",\"isPartOf\":{\"@id\":\"https:\/\/hp-drones.com\/pt-pt\/#website\"},\"datePublished\":\"2024-12-05T15:37:52+00:00\",\"dateModified\":\"2026-04-13T15:32:25+00:00\",\"breadcrumb\":{\"@id\":\"https:\/\/hp-drones.com\/pt-pt\/dji-matrice-30-series\/#breadcrumb\"},\"inLanguage\":\"pt-PT\",\"potentialAction\":[{\"@type\":\"ReadAction\",\"target\":[\"https:\/\/hp-drones.com\/pt-pt\/dji-matrice-30-series\/\"]}]},{\"@type\":\"BreadcrumbList\",\"@id\":\"https:\/\/hp-drones.com\/pt-pt\/dji-matrice-30-series\/#breadcrumb\",\"itemListElement\":[{\"@type\":\"ListItem\",\"position\":1,\"name\":\"Portada\",\"item\":\"https:\/\/hp-drones.com\/pt-pt\/\"},{\"@type\":\"ListItem\",\"position\":2,\"name\":\"DJI MATRICE 30 SERIES\"}]},{\"@type\":\"WebSite\",\"@id\":\"https:\/\/hp-drones.com\/pt-pt\/#website\",\"url\":\"https:\/\/hp-drones.com\/pt-pt\/\",\"name\":\"HPDRONES\",\"description\":\"\",\"publisher\":{\"@id\":\"https:\/\/hp-drones.com\/pt-pt\/#organization\"},\"potentialAction\":[{\"@type\":\"SearchAction\",\"target\":{\"@type\":\"EntryPoint\",\"urlTemplate\":\"https:\/\/hp-drones.com\/pt-pt\/?s={search_term_string}\"},\"query-input\":{\"@type\":\"PropertyValueSpecification\",\"valueRequired\":true,\"valueName\":\"search_term_string\"}}],\"inLanguage\":\"pt-PT\"},{\"@type\":\"Organization\",\"@id\":\"https:\/\/hp-drones.com\/pt-pt\/#organization\",\"name\":\"HPDRONES\",\"url\":\"https:\/\/hp-drones.com\/pt-pt\/\",\"logo\":{\"@type\":\"ImageObject\",\"inLanguage\":\"pt-PT\",\"@id\":\"https:\/\/hp-drones.com\/pt-pt\/#\/schema\/logo\/image\/\",\"url\":\"https:\/\/hp-drones.com\/wp-content\/uploads\/2022\/01\/logo_drone.png\",\"contentUrl\":\"https:\/\/hp-drones.com\/wp-content\/uploads\/2022\/01\/logo_drone.png\",\"width\":500,\"height\":46,\"caption\":\"HPDRONES\"},\"image\":{\"@id\":\"https:\/\/hp-drones.com\/pt-pt\/#\/schema\/logo\/image\/\"}}]}<\/script>\n<!-- \/ Yoast SEO plugin. -->","yoast_head_json":{"title":"DJI MATRICE 30 SERIES - HPDRONES","robots":{"index":"index","follow":"follow","max-snippet":"max-snippet:-1","max-image-preview":"max-image-preview:large","max-video-preview":"max-video-preview:-1"},"canonical":"https:\/\/hp-drones.com\/pt-pt\/dji-matrice-30-series\/","og_locale":"pt_PT","og_type":"article","og_title":"DJI MATRICE 30 SERIES - HPDRONES","og_site_name":"HPDRONES","article_modified_time":"2026-04-13T15:32:25+00:00","twitter_card":"summary_large_image","twitter_misc":{"Tempo estimado de leitura":"2 minutos"},"schema":{"@context":"https:\/\/schema.org","@graph":[{"@type":"WebPage","@id":"https:\/\/hp-drones.com\/pt-pt\/dji-matrice-30-series\/","url":"https:\/\/hp-drones.com\/pt-pt\/dji-matrice-30-series\/","name":"DJI MATRICE 30 SERIES - HPDRONES","isPartOf":{"@id":"https:\/\/hp-drones.com\/pt-pt\/#website"},"datePublished":"2024-12-05T15:37:52+00:00","dateModified":"2026-04-13T15:32:25+00:00","breadcrumb":{"@id":"https:\/\/hp-drones.com\/pt-pt\/dji-matrice-30-series\/#breadcrumb"},"inLanguage":"pt-PT","potentialAction":[{"@type":"ReadAction","target":["https:\/\/hp-drones.com\/pt-pt\/dji-matrice-30-series\/"]}]},{"@type":"BreadcrumbList","@id":"https:\/\/hp-drones.com\/pt-pt\/dji-matrice-30-series\/#breadcrumb","itemListElement":[{"@type":"ListItem","position":1,"name":"Portada","item":"https:\/\/hp-drones.com\/pt-pt\/"},{"@type":"ListItem","position":2,"name":"DJI MATRICE 30 SERIES"}]},{"@type":"WebSite","@id":"https:\/\/hp-drones.com\/pt-pt\/#website","url":"https:\/\/hp-drones.com\/pt-pt\/","name":"HPDRONES","description":"","publisher":{"@id":"https:\/\/hp-drones.com\/pt-pt\/#organization"},"potentialAction":[{"@type":"SearchAction","target":{"@type":"EntryPoint","urlTemplate":"https:\/\/hp-drones.com\/pt-pt\/?s={search_term_string}"},"query-input":{"@type":"PropertyValueSpecification","valueRequired":true,"valueName":"search_term_string"}}],"inLanguage":"pt-PT"},{"@type":"Organization","@id":"https:\/\/hp-drones.com\/pt-pt\/#organization","name":"HPDRONES","url":"https:\/\/hp-drones.com\/pt-pt\/","logo":{"@type":"ImageObject","inLanguage":"pt-PT","@id":"https:\/\/hp-drones.com\/pt-pt\/#\/schema\/logo\/image\/","url":"https:\/\/hp-drones.com\/wp-content\/uploads\/2022\/01\/logo_drone.png","contentUrl":"https:\/\/hp-drones.com\/wp-content\/uploads\/2022\/01\/logo_drone.png","width":500,"height":46,"caption":"HPDRONES"},"image":{"@id":"https:\/\/hp-drones.com\/pt-pt\/#\/schema\/logo\/image\/"}}]}},"_links":{"self":[{"href":"https:\/\/hp-drones.com\/pt-pt\/wp-json\/wp\/v2\/pages\/20222","targetHints":{"allow":["GET"]}}],"collection":[{"href":"https:\/\/hp-drones.com\/pt-pt\/wp-json\/wp\/v2\/pages"}],"about":[{"href":"https:\/\/hp-drones.com\/pt-pt\/wp-json\/wp\/v2\/types\/page"}],"author":[{"embeddable":true,"href":"https:\/\/hp-drones.com\/pt-pt\/wp-json\/wp\/v2\/users\/3"}],"replies":[{"embeddable":true,"href":"https:\/\/hp-drones.com\/pt-pt\/wp-json\/wp\/v2\/comments?post=20222"}],"version-history":[{"count":5,"href":"https:\/\/hp-drones.com\/pt-pt\/wp-json\/wp\/v2\/pages\/20222\/revisions"}],"predecessor-version":[{"id":25404,"href":"https:\/\/hp-drones.com\/pt-pt\/wp-json\/wp\/v2\/pages\/20222\/revisions\/25404"}],"wp:attachment":[{"href":"https:\/\/hp-drones.com\/pt-pt\/wp-json\/wp\/v2\/media?parent=20222"}],"curies":[{"name":"wp","href":"https:\/\/api.w.org\/{rel}","templated":true}]}}