{"id":14942,"date":"2023-12-15T16:45:45","date_gmt":"2023-12-15T16:45:45","guid":{"rendered":"https:\/\/hp-drones.com\/?page_id=14942"},"modified":"2026-04-13T15:52:59","modified_gmt":"2026-04-13T15:52:59","slug":"qysea-fifish","status":"publish","type":"page","link":"https:\/\/hp-drones.com\/pt-pt\/qysea-fifish\/","title":{"rendered":"Qysea &#8211; Fifish"},"content":{"rendered":"<p>[et_pb_section fb_built=&#8221;1&#8243; _builder_version=&#8221;4.16&#8243; _module_preset=&#8221;default&#8221; use_background_color_gradient=&#8221;on&#8221; background_color_gradient_stops=&#8221;rgba(0,0,0,0.53) 0%|rgba(0,0,0,0.24) 100%&#8221; background_color_gradient_overlays_image=&#8221;on&#8221; background_color_gradient_start=&#8221;rgba(0,0,0,0.53)&#8221; background_color_gradient_end=&#8221;rgba(0,0,0,0.24)&#8221; background_image=&#8221;https:\/\/hp-drones.com\/wp-content\/uploads\/2023\/12\/Fifish_v6_Expert-5.webp&#8221; custom_margin=&#8221;-71px|||||&#8221; custom_padding=&#8221;73px||73px||true|false&#8221; global_colors_info=&#8221;{}&#8221;][et_pb_row use_custom_gutter=&#8221;on&#8221; make_equal=&#8221;on&#8221; custom_padding_last_edited=&#8221;on|phone&#8221; _builder_version=&#8221;4.16&#8243; _module_preset=&#8221;default&#8221; width=&#8221;90%&#8221; custom_padding=&#8221;46px||0px||false|&#8221; custom_padding_tablet=&#8221;46px||0px||false|&#8221; custom_padding_phone=&#8221;88px||||false|false&#8221; global_colors_info=&#8221;{}&#8221;][et_pb_column type=&#8221;4_4&#8243; _builder_version=&#8221;4.16&#8243; _module_preset=&#8221;default&#8221; global_colors_info=&#8221;{}&#8221;][et_pb_text _builder_version=&#8221;4.16&#8243; _module_preset=&#8221;default&#8221; header_font=&#8221;|300|||||||&#8221; header_text_color=&#8221;#FFFFFF&#8221; header_font_size=&#8221;54px&#8221; header_4_font=&#8221;|300|||||||&#8221; header_4_text_color=&#8221;#FFFFFF&#8221; header_4_font_size=&#8221;21px&#8221; header_text_shadow_style=&#8221;preset1&#8243; global_colors_info=&#8221;{}&#8221;]<\/p>\n<h1>QYSEA | FIFISH<\/h1>\n<p>[\/et_pb_text][\/et_pb_column][\/et_pb_row][\/et_pb_section][et_pb_section fb_built=&#8221;1&#8243; _builder_version=&#8221;4.16&#8243; _module_preset=&#8221;default&#8221; custom_padding=&#8221;0px||0px|||&#8221; global_colors_info=&#8221;{}&#8221;][et_pb_row _builder_version=&#8221;4.16&#8243; _module_preset=&#8221;default&#8221; width=&#8221;90%&#8221; global_colors_info=&#8221;{}&#8221;][et_pb_column type=&#8221;4_4&#8243; _builder_version=&#8221;4.16&#8243; _module_preset=&#8221;default&#8221; global_colors_info=&#8221;{}&#8221;][et_pb_divider _builder_version=&#8221;4.16&#8243; _module_preset=&#8221;default&#8221; global_colors_info=&#8221;{}&#8221;][\/et_pb_divider][\/et_pb_column][\/et_pb_row][\/et_pb_section][et_pb_section fb_built=&#8221;1&#8243; _builder_version=&#8221;4.16&#8243; _module_preset=&#8221;default&#8221; custom_padding=&#8221;39px||92px|||&#8221; locked=&#8221;off&#8221; global_colors_info=&#8221;{}&#8221;][et_pb_row column_structure=&#8221;1_3,1_3,1_3&#8243; make_equal=&#8221;on&#8221; disabled_on=&#8221;off|off|off&#8221; _builder_version=&#8221;4.16&#8243; _module_preset=&#8221;default&#8221; width=&#8221;95%&#8221; global_colors_info=&#8221;{}&#8221;][et_pb_column type=&#8221;1_3&#8243; _builder_version=&#8221;4.16&#8243; _module_preset=&#8221;default&#8221; global_colors_info=&#8221;{}&#8221;][et_pb_image src=&#8221;https:\/\/hp-drones.com\/wp-content\/uploads\/2023\/12\/V-EVO.png&#8221; title_text=&#8221;V-EVO&#8221; _builder_version=&#8221;4.16&#8243; _module_preset=&#8221;default&#8221; custom_margin=&#8221;||19px|||&#8221; global_colors_info=&#8221;{}&#8221;][\/et_pb_image][et_pb_text _builder_version=&#8221;4.16&#8243; _module_preset=&#8221;default&#8221; custom_margin=&#8221;||5px|||&#8221; global_colors_info=&#8221;{}&#8221;][\/et_pb_text][et_pb_text _builder_version=&#8221;4.24.1&#8243; _module_preset=&#8221;default&#8221; custom_margin=&#8221;||30px|||&#8221; text_font_size_tablet=&#8221;18px&#8221; text_font_size_phone=&#8221;18px&#8221; text_font_size_last_edited=&#8221;on|phone&#8221; global_colors_info=&#8221;{}&#8221;]<\/p>\n<h3>FIFISH V-EVO<\/h3>\n<p style=\"text-align: justify;\">Dron submarino OmniView de 360\u00b0, com uma c\u00e2mera 4K de alta resolu\u00e7\u00e3o a 60 FPS e integra\u00e7\u00f5es multifuncionais.<\/p>\n<p>[\/et_pb_text][et_pb_button button_url=&#8221;https:\/\/hp-drones.com\/en\/drones\/fifish-v-evo\/&#8221; button_text=&#8221;ACEDER AO PRODUTO&#8221; button_alignment=&#8221;center&#8221; button_alignment_tablet=&#8221;right&#8221; button_alignment_phone=&#8221;left&#8221; button_alignment_last_edited=&#8221;on|phone&#8221; _builder_version=&#8221;4.27.0&#8243; _module_preset=&#8221;default&#8221; custom_button=&#8221;on&#8221; button_text_size=&#8221;17px&#8221; button_text_color=&#8221;#FFFFFF&#8221; button_bg_color=&#8221;#E02B20&#8243; custom_margin=&#8221;-6px|||||&#8221; global_colors_info=&#8221;{}&#8221;][\/et_pb_button][et_pb_image src=&#8221;https:\/\/hp-drones.com\/wp-content\/uploads\/2024\/10\/ego.png&#8221; title_text=&#8221;ego&#8221; _builder_version=&#8221;4.27.0&#8243; _module_preset=&#8221;default&#8221; global_colors_info=&#8221;{}&#8221;][\/et_pb_image][et_pb_text _builder_version=&#8221;4.24.1&#8243; _module_preset=&#8221;default&#8221; custom_margin=&#8221;-29px||11px|||&#8221; custom_padding=&#8221;||28px|||&#8221; text_font_size_tablet=&#8221;18px&#8221; text_font_size_phone=&#8221;18px&#8221; text_font_size_last_edited=&#8221;on|phone&#8221; global_colors_info=&#8221;{}&#8221;]<\/p>\n<h3>FIFISH E-GO<\/h3>\n<p style=\"text-align: justify;\">Apresenta um exterior elegante e curvo, que confere ao E-GO uma resist\u00eancia excecional \u00e0s correntes subaqu\u00e1ticas.<\/p>\n<p>[\/et_pb_text][et_pb_button button_url=&#8221;https:\/\/hp-drones.com\/en\/drones\/fifish-e-go\/&#8221; button_text=&#8221;ACEDER AO PRODUTO&#8221; button_alignment=&#8221;center&#8221; button_alignment_tablet=&#8221;right&#8221; button_alignment_phone=&#8221;left&#8221; button_alignment_last_edited=&#8221;on|phone&#8221; _builder_version=&#8221;4.24.1&#8243; _module_preset=&#8221;default&#8221; custom_button=&#8221;on&#8221; button_text_size=&#8221;17px&#8221; button_text_color=&#8221;#FFFFFF&#8221; button_bg_color=&#8221;#E02B20&#8243; custom_margin=&#8221;-6px|||||&#8221; custom_padding=&#8221;0px|||||&#8221; global_colors_info=&#8221;{}&#8221;][\/et_pb_button][\/et_pb_column][et_pb_column type=&#8221;1_3&#8243; _builder_version=&#8221;4.16&#8243; _module_preset=&#8221;default&#8221; global_colors_info=&#8221;{}&#8221;][et_pb_image src=&#8221;https:\/\/hp-drones.com\/wp-content\/uploads\/2023\/12\/V6.png&#8221; title_text=&#8221;V6&#8243; _builder_version=&#8221;4.16&#8243; _module_preset=&#8221;default&#8221; custom_margin=&#8221;||19px|||&#8221; custom_margin_tablet=&#8221;||19px|||&#8221; custom_margin_phone=&#8221;19px||||false|false&#8221; custom_margin_last_edited=&#8221;on|phone&#8221; global_colors_info=&#8221;{}&#8221;][\/et_pb_image][et_pb_text _builder_version=&#8221;4.16&#8243; _module_preset=&#8221;default&#8221; custom_margin=&#8221;||5px|||&#8221; global_colors_info=&#8221;{}&#8221;][\/et_pb_text][et_pb_text _builder_version=&#8221;4.24.1&#8243; _module_preset=&#8221;default&#8221; custom_margin=&#8221;||52px||false|false&#8221; global_colors_info=&#8221;{}&#8221;]<\/p>\n<h3>FIFISH V6S<\/h3>\n<p style=\"text-align: justify;\">Drone submarino omnidirecional de 360\u00b0 com c\u00e2mera 4K e controlo de seguimento de cabe\u00e7a VR.<\/p>\n<p>[\/et_pb_text][et_pb_button button_url=&#8221;https:\/\/hp-drones.com\/en\/drones\/fifish-v6s\/&#8221; button_text=&#8221;ACEDER AO PRODUTO&#8221; button_alignment=&#8221;center&#8221; button_alignment_tablet=&#8221;right&#8221; button_alignment_phone=&#8221;left&#8221; button_alignment_last_edited=&#8221;on|phone&#8221; _builder_version=&#8221;4.16&#8243; _module_preset=&#8221;default&#8221; custom_button=&#8221;on&#8221; button_text_size=&#8221;17px&#8221; button_text_color=&#8221;#FFFFFF&#8221; button_bg_color=&#8221;#E02B20&#8243; custom_margin=&#8221;-6px|||||&#8221; global_colors_info=&#8221;{}&#8221;][\/et_pb_button][et_pb_image src=&#8221;https:\/\/hp-drones.com\/wp-content\/uploads\/2023\/12\/SAR-1.png&#8221; title_text=&#8221;SAR (1)&#8221; _builder_version=&#8221;4.16&#8243; _module_preset=&#8221;default&#8221; custom_margin=&#8221;||19px|||&#8221; custom_margin_tablet=&#8221;||19px|||&#8221; custom_margin_phone=&#8221;23px||||false|false&#8221; custom_margin_last_edited=&#8221;on|phone&#8221; global_colors_info=&#8221;{}&#8221;][\/et_pb_image][et_pb_text _builder_version=&#8221;4.24.1&#8243; _module_preset=&#8221;default&#8221; custom_margin=&#8221;||30px|||&#8221; text_font_size_tablet=&#8221;18px&#8221; text_font_size_phone=&#8221;18px&#8221; text_font_size_last_edited=&#8221;on|phone&#8221; global_colors_info=&#8221;{}&#8221;]<\/p>\n<h3>FIFISH SAR<\/h3>\n<p>\u00c9 uma plataforma ROV de n\u00edvel profissional, equipada com um sistema Q-motor patenteado e poderoso. Busca e resgate.<\/p>\n<p>[\/et_pb_text][et_pb_button button_url=&#8221;https:\/\/hp-drones.com\/en\/drones\/fifish-sar\/&#8221; button_text=&#8221;ACEDER AO PRODUTO&#8221; button_alignment=&#8221;center&#8221; button_alignment_tablet=&#8221;right&#8221; button_alignment_phone=&#8221;left&#8221; button_alignment_last_edited=&#8221;on|phone&#8221; _builder_version=&#8221;4.24.1&#8243; _module_preset=&#8221;default&#8221; custom_button=&#8221;on&#8221; button_text_size=&#8221;17px&#8221; button_text_color=&#8221;#FFFFFF&#8221; button_bg_color=&#8221;#E02B20&#8243; custom_margin=&#8221;-6px|||||&#8221; global_colors_info=&#8221;{}&#8221;][\/et_pb_button][\/et_pb_column][et_pb_column type=&#8221;1_3&#8243; _builder_version=&#8221;4.16&#8243; _module_preset=&#8221;default&#8221; global_colors_info=&#8221;{}&#8221;][et_pb_image src=&#8221;https:\/\/hp-drones.com\/wp-content\/uploads\/2023\/12\/V6-EXPERT.png&#8221; title_text=&#8221;V6 EXPERT&#8221; _builder_version=&#8221;4.16&#8243; _module_preset=&#8221;default&#8221; custom_margin=&#8221;||19px|||&#8221; custom_margin_tablet=&#8221;||19px|||&#8221; custom_margin_phone=&#8221;23px||||false|false&#8221; custom_margin_last_edited=&#8221;on|phone&#8221; global_colors_info=&#8221;{}&#8221;][\/et_pb_image][et_pb_text _builder_version=&#8221;4.16&#8243; _module_preset=&#8221;default&#8221; custom_margin=&#8221;||5px|||&#8221; global_colors_info=&#8221;{}&#8221;][\/et_pb_text][et_pb_text _builder_version=&#8221;4.16&#8243; _module_preset=&#8221;default&#8221; custom_margin=&#8221;||53px|||&#8221; global_colors_info=&#8221;{}&#8221;]<\/p>\n<h3>FIFISH V6 EXPERT<\/h3>\n<p style=\"text-align: justify;\">OMNI \u00b7 Drone subaqu\u00e1tico 4K de n\u00edvel profissional, multifuncional e de alto desempenho e solu\u00e7\u00e3o de produtividade subaqu\u00e1tica.<\/p>\n<p>[\/et_pb_text][et_pb_button button_url=&#8221;https:\/\/hp-drones.com\/en\/drones\/fifish-v6-expert\/&#8221; button_text=&#8221;ACEDER AO PRODUTO&#8221; button_alignment=&#8221;center&#8221; button_alignment_tablet=&#8221;right&#8221; button_alignment_phone=&#8221;left&#8221; button_alignment_last_edited=&#8221;on|phone&#8221; _builder_version=&#8221;4.16&#8243; _module_preset=&#8221;default&#8221; custom_button=&#8221;on&#8221; button_text_size=&#8221;17px&#8221; button_text_color=&#8221;#FFFFFF&#8221; button_bg_color=&#8221;#E02B20&#8243; custom_margin=&#8221;-6px|||||&#8221; global_colors_info=&#8221;{}&#8221;][\/et_pb_button][et_pb_image src=&#8221;https:\/\/hp-drones.com\/wp-content\/uploads\/2024\/09\/Fifish-e-master-2-scaled.webp&#8221; title_text=&#8221;Fifish-e-master (2)&#8221; _builder_version=&#8221;4.27.0&#8243; _module_preset=&#8221;default&#8221; custom_margin=&#8221;||-21px||false|false&#8221; custom_margin_tablet=&#8221;||19px|||&#8221; custom_margin_phone=&#8221;23px||||false|false&#8221; custom_margin_last_edited=&#8221;on|phone&#8221; custom_padding=&#8221;0px||0px|||&#8221; global_colors_info=&#8221;{}&#8221;][\/et_pb_image][et_pb_text _builder_version=&#8221;4.27.0&#8243; _module_preset=&#8221;default&#8221; custom_margin=&#8221;||30px|||&#8221; text_font_size_tablet=&#8221;18px&#8221; text_font_size_phone=&#8221;18px&#8221; text_font_size_last_edited=&#8221;on|phone&#8221; locked=&#8221;off&#8221; global_colors_info=&#8221;{}&#8221;]<\/p>\n<h3>FIFISH E-MASTER<\/h3>\n<p>Rob\u00f4 subaqu\u00e1tico avan\u00e7ado com IA para medi\u00e7\u00f5es e inspec\u00e7\u00f5es precisas em ambientes marinhos dif\u00edceis.<\/p>\n<p>[\/et_pb_text][et_pb_button button_url=&#8221;https:\/\/hp-drones.com\/pt-pt\/drones\/fifish-e-master\/&#8221; button_text=&#8221;ACEDER AO PRODUTO&#8221; button_alignment=&#8221;center&#8221; button_alignment_tablet=&#8221;right&#8221; button_alignment_phone=&#8221;left&#8221; button_alignment_last_edited=&#8221;on|phone&#8221; _builder_version=&#8221;4.27.0&#8243; _module_preset=&#8221;default&#8221; custom_button=&#8221;on&#8221; button_text_size=&#8221;17px&#8221; button_text_color=&#8221;#FFFFFF&#8221; button_bg_color=&#8221;#E02B20&#8243; custom_margin=&#8221;-6px|||||&#8221; locked=&#8221;off&#8221; global_colors_info=&#8221;{}&#8221;][\/et_pb_button][\/et_pb_column][\/et_pb_row][et_pb_row _builder_version=&#8221;4.27.0&#8243; _module_preset=&#8221;default&#8221; global_colors_info=&#8221;{}&#8221;][et_pb_column type=&#8221;4_4&#8243; _builder_version=&#8221;4.27.0&#8243; _module_preset=&#8221;default&#8221; global_colors_info=&#8221;{}&#8221;][et_pb_divider show_divider=&#8221;off&#8221; _builder_version=&#8221;4.27.0&#8243; _module_preset=&#8221;default&#8221; global_colors_info=&#8221;{}&#8221;][\/et_pb_divider][\/et_pb_column][\/et_pb_row][et_pb_row _builder_version=&#8221;4.27.0&#8243; _module_preset=&#8221;default&#8221; width=&#8221;76%&#8221; hover_enabled=&#8221;0&#8243; box_shadow_style=&#8221;preset1&#8243; locked=&#8221;off&#8221; global_colors_info=&#8221;{}&#8221; disabled_on=&#8221;on|on|on&#8221; disabled=&#8221;on&#8221; sticky_enabled=&#8221;0&#8243;][et_pb_column type=&#8221;4_4&#8243; _builder_version=&#8221;4.16&#8243; _module_preset=&#8221;default&#8221; global_colors_info=&#8221;{}&#8221;][et_pb_text _builder_version=&#8221;4.16&#8243; _module_preset=&#8221;default&#8221; header_2_text_align=&#8221;center&#8221; header_2_text_color=&#8221;#E02B20&#8243; global_colors_info=&#8221;{}&#8221;]<\/p>\n<h2 id=\"h_55822580341696417285871\">\n            <a href=\"#h_55822580341696417285871\">Contacte-nos<\/a><br \/>\n          <\/h2>\n<p>\n            [ninja_form id=&#8221;4&#8243;]\n          <\/p>\n<p>[\/et_pb_text][\/et_pb_column][\/et_pb_row][\/et_pb_section]<\/p>\n","protected":false},"excerpt":{"rendered":"<p>QYSEA | FIFISHFIFISH V-EVO Dron submarino OmniView de 360\u00b0, com uma c\u00e2mera 4K de alta resolu\u00e7\u00e3o a 60 FPS e integra\u00e7\u00f5es multifuncionais.FIFISH E-GO Apresenta um exterior elegante e curvo, que confere ao E-GO uma resist\u00eancia excecional \u00e0s correntes subaqu\u00e1ticas.FIFISH V6S Drone submarino omnidirecional de 360\u00b0 com c\u00e2mera 4K e controlo de seguimento de cabe\u00e7a VR.FIFISH [&hellip;]<\/p>\n","protected":false},"author":3,"featured_media":0,"parent":0,"menu_order":0,"comment_status":"closed","ping_status":"closed","template":"","meta":{"_et_pb_use_builder":"on","_et_pb_old_content":"","_et_gb_content_width":"","footnotes":""},"class_list":["post-14942","page","type-page","status-publish","hentry"],"acf":[],"yoast_head":"<!-- This site is optimized with the Yoast SEO plugin v27.1.1 - https:\/\/yoast.com\/product\/yoast-seo-wordpress\/ -->\n<title>Qysea - Fifish - HPDRONES<\/title>\n<meta name=\"robots\" content=\"index, follow, max-snippet:-1, max-image-preview:large, max-video-preview:-1\" \/>\n<link rel=\"canonical\" href=\"https:\/\/hp-drones.com\/pt-pt\/qysea-fifish\/\" \/>\n<meta property=\"og:locale\" content=\"pt_PT\" \/>\n<meta property=\"og:type\" content=\"article\" \/>\n<meta property=\"og:title\" content=\"Qysea - Fifish - HPDRONES\" \/>\n<meta property=\"og:site_name\" content=\"HPDRONES\" \/>\n<meta property=\"article:modified_time\" content=\"2026-04-13T15:52:59+00:00\" \/>\n<meta name=\"twitter:card\" content=\"summary_large_image\" \/>\n<meta name=\"twitter:label1\" content=\"Tempo estimado de leitura\" \/>\n\t<meta name=\"twitter:data1\" content=\"2 minutos\" \/>\n<script type=\"application\/ld+json\" class=\"yoast-schema-graph\">{\"@context\":\"https:\/\/schema.org\",\"@graph\":[{\"@type\":\"WebPage\",\"@id\":\"https:\/\/hp-drones.com\/pt-pt\/qysea-fifish\/\",\"url\":\"https:\/\/hp-drones.com\/pt-pt\/qysea-fifish\/\",\"name\":\"Qysea - Fifish - HPDRONES\",\"isPartOf\":{\"@id\":\"https:\/\/hp-drones.com\/pt-pt\/#website\"},\"datePublished\":\"2023-12-15T16:45:45+00:00\",\"dateModified\":\"2026-04-13T15:52:59+00:00\",\"breadcrumb\":{\"@id\":\"https:\/\/hp-drones.com\/pt-pt\/qysea-fifish\/#breadcrumb\"},\"inLanguage\":\"pt-PT\",\"potentialAction\":[{\"@type\":\"ReadAction\",\"target\":[\"https:\/\/hp-drones.com\/pt-pt\/qysea-fifish\/\"]}]},{\"@type\":\"BreadcrumbList\",\"@id\":\"https:\/\/hp-drones.com\/pt-pt\/qysea-fifish\/#breadcrumb\",\"itemListElement\":[{\"@type\":\"ListItem\",\"position\":1,\"name\":\"Portada\",\"item\":\"https:\/\/hp-drones.com\/pt-pt\/\"},{\"@type\":\"ListItem\",\"position\":2,\"name\":\"Qysea &#8211; Fifish\"}]},{\"@type\":\"WebSite\",\"@id\":\"https:\/\/hp-drones.com\/pt-pt\/#website\",\"url\":\"https:\/\/hp-drones.com\/pt-pt\/\",\"name\":\"HPDRONES\",\"description\":\"\",\"publisher\":{\"@id\":\"https:\/\/hp-drones.com\/pt-pt\/#organization\"},\"potentialAction\":[{\"@type\":\"SearchAction\",\"target\":{\"@type\":\"EntryPoint\",\"urlTemplate\":\"https:\/\/hp-drones.com\/pt-pt\/?s={search_term_string}\"},\"query-input\":{\"@type\":\"PropertyValueSpecification\",\"valueRequired\":true,\"valueName\":\"search_term_string\"}}],\"inLanguage\":\"pt-PT\"},{\"@type\":\"Organization\",\"@id\":\"https:\/\/hp-drones.com\/pt-pt\/#organization\",\"name\":\"HPDRONES\",\"url\":\"https:\/\/hp-drones.com\/pt-pt\/\",\"logo\":{\"@type\":\"ImageObject\",\"inLanguage\":\"pt-PT\",\"@id\":\"https:\/\/hp-drones.com\/pt-pt\/#\/schema\/logo\/image\/\",\"url\":\"https:\/\/hp-drones.com\/wp-content\/uploads\/2022\/01\/logo_drone.png\",\"contentUrl\":\"https:\/\/hp-drones.com\/wp-content\/uploads\/2022\/01\/logo_drone.png\",\"width\":500,\"height\":46,\"caption\":\"HPDRONES\"},\"image\":{\"@id\":\"https:\/\/hp-drones.com\/pt-pt\/#\/schema\/logo\/image\/\"}}]}<\/script>\n<!-- \/ Yoast SEO plugin. -->","yoast_head_json":{"title":"Qysea - Fifish - HPDRONES","robots":{"index":"index","follow":"follow","max-snippet":"max-snippet:-1","max-image-preview":"max-image-preview:large","max-video-preview":"max-video-preview:-1"},"canonical":"https:\/\/hp-drones.com\/pt-pt\/qysea-fifish\/","og_locale":"pt_PT","og_type":"article","og_title":"Qysea - Fifish - HPDRONES","og_site_name":"HPDRONES","article_modified_time":"2026-04-13T15:52:59+00:00","twitter_card":"summary_large_image","twitter_misc":{"Tempo estimado de leitura":"2 minutos"},"schema":{"@context":"https:\/\/schema.org","@graph":[{"@type":"WebPage","@id":"https:\/\/hp-drones.com\/pt-pt\/qysea-fifish\/","url":"https:\/\/hp-drones.com\/pt-pt\/qysea-fifish\/","name":"Qysea - Fifish - HPDRONES","isPartOf":{"@id":"https:\/\/hp-drones.com\/pt-pt\/#website"},"datePublished":"2023-12-15T16:45:45+00:00","dateModified":"2026-04-13T15:52:59+00:00","breadcrumb":{"@id":"https:\/\/hp-drones.com\/pt-pt\/qysea-fifish\/#breadcrumb"},"inLanguage":"pt-PT","potentialAction":[{"@type":"ReadAction","target":["https:\/\/hp-drones.com\/pt-pt\/qysea-fifish\/"]}]},{"@type":"BreadcrumbList","@id":"https:\/\/hp-drones.com\/pt-pt\/qysea-fifish\/#breadcrumb","itemListElement":[{"@type":"ListItem","position":1,"name":"Portada","item":"https:\/\/hp-drones.com\/pt-pt\/"},{"@type":"ListItem","position":2,"name":"Qysea &#8211; Fifish"}]},{"@type":"WebSite","@id":"https:\/\/hp-drones.com\/pt-pt\/#website","url":"https:\/\/hp-drones.com\/pt-pt\/","name":"HPDRONES","description":"","publisher":{"@id":"https:\/\/hp-drones.com\/pt-pt\/#organization"},"potentialAction":[{"@type":"SearchAction","target":{"@type":"EntryPoint","urlTemplate":"https:\/\/hp-drones.com\/pt-pt\/?s={search_term_string}"},"query-input":{"@type":"PropertyValueSpecification","valueRequired":true,"valueName":"search_term_string"}}],"inLanguage":"pt-PT"},{"@type":"Organization","@id":"https:\/\/hp-drones.com\/pt-pt\/#organization","name":"HPDRONES","url":"https:\/\/hp-drones.com\/pt-pt\/","logo":{"@type":"ImageObject","inLanguage":"pt-PT","@id":"https:\/\/hp-drones.com\/pt-pt\/#\/schema\/logo\/image\/","url":"https:\/\/hp-drones.com\/wp-content\/uploads\/2022\/01\/logo_drone.png","contentUrl":"https:\/\/hp-drones.com\/wp-content\/uploads\/2022\/01\/logo_drone.png","width":500,"height":46,"caption":"HPDRONES"},"image":{"@id":"https:\/\/hp-drones.com\/pt-pt\/#\/schema\/logo\/image\/"}}]}},"_links":{"self":[{"href":"https:\/\/hp-drones.com\/pt-pt\/wp-json\/wp\/v2\/pages\/14942","targetHints":{"allow":["GET"]}}],"collection":[{"href":"https:\/\/hp-drones.com\/pt-pt\/wp-json\/wp\/v2\/pages"}],"about":[{"href":"https:\/\/hp-drones.com\/pt-pt\/wp-json\/wp\/v2\/types\/page"}],"author":[{"embeddable":true,"href":"https:\/\/hp-drones.com\/pt-pt\/wp-json\/wp\/v2\/users\/3"}],"replies":[{"embeddable":true,"href":"https:\/\/hp-drones.com\/pt-pt\/wp-json\/wp\/v2\/comments?post=14942"}],"version-history":[{"count":10,"href":"https:\/\/hp-drones.com\/pt-pt\/wp-json\/wp\/v2\/pages\/14942\/revisions"}],"predecessor-version":[{"id":25414,"href":"https:\/\/hp-drones.com\/pt-pt\/wp-json\/wp\/v2\/pages\/14942\/revisions\/25414"}],"wp:attachment":[{"href":"https:\/\/hp-drones.com\/pt-pt\/wp-json\/wp\/v2\/media?parent=14942"}],"curies":[{"name":"wp","href":"https:\/\/api.w.org\/{rel}","templated":true}]}}