{"id":12547,"date":"2023-04-21T08:34:42","date_gmt":"2023-04-21T08:34:42","guid":{"rendered":"https:\/\/hp-drones.com\/?page_id=12547"},"modified":"2024-12-06T12:25:18","modified_gmt":"2024-12-06T12:25:18","slug":"south","status":"publish","type":"page","link":"https:\/\/hp-drones.com\/pt-pt\/south\/","title":{"rendered":"SOUTH"},"content":{"rendered":"<p>[et_pb_section fb_built=&#8221;1&#8243; _builder_version=&#8221;4.16&#8243; _module_preset=&#8221;default&#8221; use_background_color_gradient=&#8221;on&#8221; background_color_gradient_stops=&#8221;rgba(0,0,0,0.53) 0%|rgba(0,0,0,0.24) 100%&#8221; background_color_gradient_overlays_image=&#8221;on&#8221; background_color_gradient_start=&#8221;rgba(0,0,0,0.53)&#8221; background_color_gradient_end=&#8221;rgba(0,0,0,0.24)&#8221; background_image=&#8221;https:\/\/hp-drones.com\/wp-content\/uploads\/2023\/04\/Captura-de-Ecra-34.png&#8221; background_position=&#8221;top_center&#8221; custom_padding=&#8221;73px||73px||true|false&#8221; global_colors_info=&#8221;{}&#8221;][et_pb_row use_custom_gutter=&#8221;on&#8221; make_equal=&#8221;on&#8221; custom_padding_last_edited=&#8221;on|phone&#8221; _builder_version=&#8221;4.16&#8243; _module_preset=&#8221;default&#8221; width=&#8221;90%&#8221; custom_padding=&#8221;46px||0px||false|&#8221; custom_padding_tablet=&#8221;46px||0px||false|&#8221; custom_padding_phone=&#8221;88px||||false|false&#8221; global_colors_info=&#8221;{}&#8221;][et_pb_column type=&#8221;4_4&#8243; _builder_version=&#8221;4.16&#8243; _module_preset=&#8221;default&#8221; global_colors_info=&#8221;{}&#8221;][et_pb_text _builder_version=&#8221;4.16&#8243; _module_preset=&#8221;default&#8221; header_font=&#8221;|300|||||||&#8221; header_text_color=&#8221;#FFFFFF&#8221; header_font_size=&#8221;54px&#8221; header_4_font=&#8221;|300|||||||&#8221; header_4_text_color=&#8221;#FFFFFF&#8221; header_4_font_size=&#8221;21px&#8221; header_text_shadow_style=&#8221;preset1&#8243; global_colors_info=&#8221;{}&#8221;]<\/p>\n<h1>Levantamento topogr\u00e1fico South<\/h1>\n<p>[\/et_pb_text][\/et_pb_column][\/et_pb_row][\/et_pb_section][et_pb_section fb_built=&#8221;1&#8243; _builder_version=&#8221;4.16&#8243; _module_preset=&#8221;default&#8221; custom_padding=&#8221;0px||0px|||&#8221; global_colors_info=&#8221;{}&#8221;][et_pb_row _builder_version=&#8221;4.16&#8243; _module_preset=&#8221;default&#8221; width=&#8221;90%&#8221; global_colors_info=&#8221;{}&#8221;][et_pb_column type=&#8221;4_4&#8243; _builder_version=&#8221;4.16&#8243; _module_preset=&#8221;default&#8221; global_colors_info=&#8221;{}&#8221;][et_pb_divider _builder_version=&#8221;4.16&#8243; _module_preset=&#8221;default&#8221; global_colors_info=&#8221;{}&#8221;][\/et_pb_divider][\/et_pb_column][\/et_pb_row][\/et_pb_section][et_pb_section fb_built=&#8221;1&#8243; _builder_version=&#8221;4.16&#8243; _module_preset=&#8221;default&#8221; custom_padding=&#8221;0px||92px|||&#8221; locked=&#8221;off&#8221; global_colors_info=&#8221;{}&#8221;][et_pb_row column_structure=&#8221;1_4,1_4,1_4,1_4&#8243; make_equal=&#8221;on&#8221; disabled_on=&#8221;off|off|off&#8221; _builder_version=&#8221;4.16&#8243; _module_preset=&#8221;default&#8221; width=&#8221;95%&#8221; global_colors_info=&#8221;{}&#8221;][et_pb_column type=&#8221;1_4&#8243; _builder_version=&#8221;4.16&#8243; _module_preset=&#8221;default&#8221; global_colors_info=&#8221;{}&#8221;][\/et_pb_column][et_pb_column type=&#8221;1_4&#8243; _builder_version=&#8221;4.16&#8243; _module_preset=&#8221;default&#8221; global_colors_info=&#8221;{}&#8221;][et_pb_image src=&#8221;https:\/\/hp-drones.com\/wp-content\/uploads\/2023\/04\/south_g7_hpdrones-1.webp&#8221; title_text=&#8221;south_g7_hpdrones (1)&#8221; _builder_version=&#8221;4.16&#8243; _module_preset=&#8221;default&#8221; custom_margin=&#8221;||19px|||&#8221; custom_margin_tablet=&#8221;||19px|||&#8221; custom_margin_phone=&#8221;19px||||false|false&#8221; custom_margin_last_edited=&#8221;on|phone&#8221; global_colors_info=&#8221;{}&#8221;][\/et_pb_image][et_pb_text _builder_version=&#8221;4.16&#8243; _module_preset=&#8221;default&#8221; header_3_font_size=&#8221;50px&#8221; custom_margin=&#8221;||46px|||&#8221; text_font_size_tablet=&#8221;18px&#8221; text_font_size_phone=&#8221;18px&#8221; text_font_size_last_edited=&#8221;on|phone&#8221; global_colors_info=&#8221;{}&#8221;]<\/p>\n<h3>GALAXY 7<\/h3>\n<p>&nbsp;<\/p>\n<p style=\"text-align: justify;\">A unidade GNSS do G7 \u00e9 integrada com um avan\u00e7ado que \u00e9 um chip SoC vem com a vantagem de alta integra\u00e7\u00e3o e baixo consumo de energia, suprime eficazmente os sinais de interfer\u00eancia, e obt\u00e9m dados de observa\u00e7\u00e3o de maior qualidade das constela\u00e7\u00f5es de sat\u00e9lites.<\/p>\n<p>[\/et_pb_text][et_pb_button button_url=&#8221;https:\/\/hp-drones.com\/pt-pt\/drones\/south-galaxy-7\/&#8221; button_text=&#8221;ACEDA AO PRODUTO&#8221; button_alignment=&#8221;right&#8221; button_alignment_tablet=&#8221;right&#8221; button_alignment_phone=&#8221;left&#8221; button_alignment_last_edited=&#8221;on|phone&#8221; _builder_version=&#8221;4.16&#8243; _module_preset=&#8221;default&#8221; custom_button=&#8221;on&#8221; button_text_size=&#8221;17px&#8221; button_text_color=&#8221;#FFFFFF&#8221; button_bg_color=&#8221;#E02B20&#8243; button_border_width=&#8221;0px&#8221; global_colors_info=&#8221;{}&#8221;][\/et_pb_button][\/et_pb_column][et_pb_column type=&#8221;1_4&#8243; _builder_version=&#8221;4.16&#8243; _module_preset=&#8221;default&#8221; global_colors_info=&#8221;{}&#8221;][et_pb_image src=&#8221;https:\/\/hp-drones.com\/wp-content\/uploads\/2023\/04\/south_g3_hpdrones-3.webp&#8221; title_text=&#8221;south_g3_hpdrones (3)&#8221; _builder_version=&#8221;4.16&#8243; _module_preset=&#8221;default&#8221; custom_margin=&#8221;||19px|||&#8221; global_colors_info=&#8221;{}&#8221;][\/et_pb_image][et_pb_text _builder_version=&#8221;4.16&#8243; _module_preset=&#8221;default&#8221; header_3_font_size=&#8221;50px&#8221; custom_margin=&#8221;||46px|||&#8221; link_option_url=&#8221;https:\/\/hp-drones.com\/pt-pt\/drones\/azul-rededge-mx\/&#8221; text_font_size_tablet=&#8221;18px&#8221; text_font_size_phone=&#8221;18px&#8221; text_font_size_last_edited=&#8221;on|phone&#8221; global_colors_info=&#8221;{}&#8221;]<\/p>\n<h3>GALAXY 3<\/h3>\n<p>&nbsp;<\/p>\n<p style=\"text-align: justify;\">Um produto da plataforma, SOUTH SoC a maioria dos componentes do G3 (m\u00f3dulo GNSS, Wi-Fi, Bluetooth, etc.) est\u00e3o integrados numa placa de circuito. G3 tem um menor consumo de energia, e melhora eficazmente a capacidade de receber sinais de sat\u00e9lites de maior qualidade.<\/p>\n<p>[\/et_pb_text][et_pb_button button_url=&#8221;https:\/\/hp-drones.com\/pt-pt\/drones\/south-galaxy-g3\/&#8221; button_text=&#8221;ACEDA AO PRODUTO&#8221; button_alignment=&#8221;right&#8221; button_alignment_tablet=&#8221;right&#8221; button_alignment_phone=&#8221;left&#8221; button_alignment_last_edited=&#8221;on|phone&#8221; _builder_version=&#8221;4.16&#8243; _module_preset=&#8221;default&#8221; custom_button=&#8221;on&#8221; button_text_size=&#8221;17px&#8221; button_text_color=&#8221;#FFFFFF&#8221; button_bg_color=&#8221;#E02B20&#8243; button_border_width=&#8221;0px&#8221; global_colors_info=&#8221;{}&#8221;][\/et_pb_button][\/et_pb_column][et_pb_column type=&#8221;1_4&#8243; _builder_version=&#8221;4.16&#8243; _module_preset=&#8221;default&#8221; global_colors_info=&#8221;{}&#8221;][\/et_pb_column][\/et_pb_row][\/et_pb_section]<\/p>\n","protected":false},"excerpt":{"rendered":"<p>Levantamento topogr\u00e1fico SouthGALAXY 7 &nbsp; A unidade GNSS do G7 \u00e9 integrada com um avan\u00e7ado que \u00e9 um chip SoC vem com a vantagem de alta integra\u00e7\u00e3o e baixo consumo de energia, suprime eficazmente os sinais de interfer\u00eancia, e obt\u00e9m dados de observa\u00e7\u00e3o de maior qualidade das constela\u00e7\u00f5es de sat\u00e9lites.GALAXY 3 &nbsp; Um produto da [&hellip;]<\/p>\n","protected":false},"author":3,"featured_media":0,"parent":0,"menu_order":0,"comment_status":"closed","ping_status":"closed","template":"","meta":{"_et_pb_use_builder":"on","_et_pb_old_content":"","_et_gb_content_width":"","footnotes":""},"class_list":["post-12547","page","type-page","status-publish","hentry"],"acf":[],"yoast_head":"<!-- This site is optimized with the Yoast SEO plugin v27.1.1 - https:\/\/yoast.com\/product\/yoast-seo-wordpress\/ -->\n<title>SOUTH - HPDRONES<\/title>\n<meta name=\"robots\" content=\"index, follow, max-snippet:-1, max-image-preview:large, max-video-preview:-1\" \/>\n<link rel=\"canonical\" href=\"https:\/\/hp-drones.com\/pt-pt\/south\/\" \/>\n<meta property=\"og:locale\" content=\"pt_PT\" \/>\n<meta property=\"og:type\" content=\"article\" \/>\n<meta property=\"og:title\" content=\"SOUTH - HPDRONES\" \/>\n<meta property=\"og:site_name\" content=\"HPDRONES\" \/>\n<meta property=\"article:modified_time\" content=\"2024-12-06T12:25:18+00:00\" \/>\n<meta name=\"twitter:card\" content=\"summary_large_image\" \/>\n<meta name=\"twitter:label1\" content=\"Tempo estimado de leitura\" \/>\n\t<meta name=\"twitter:data1\" content=\"1 minuto\" \/>\n<script type=\"application\/ld+json\" class=\"yoast-schema-graph\">{\"@context\":\"https:\/\/schema.org\",\"@graph\":[{\"@type\":\"WebPage\",\"@id\":\"https:\/\/hp-drones.com\/pt-pt\/south\/\",\"url\":\"https:\/\/hp-drones.com\/pt-pt\/south\/\",\"name\":\"SOUTH - HPDRONES\",\"isPartOf\":{\"@id\":\"https:\/\/hp-drones.com\/pt-pt\/#website\"},\"datePublished\":\"2023-04-21T08:34:42+00:00\",\"dateModified\":\"2024-12-06T12:25:18+00:00\",\"breadcrumb\":{\"@id\":\"https:\/\/hp-drones.com\/pt-pt\/south\/#breadcrumb\"},\"inLanguage\":\"pt-PT\",\"potentialAction\":[{\"@type\":\"ReadAction\",\"target\":[\"https:\/\/hp-drones.com\/pt-pt\/south\/\"]}]},{\"@type\":\"BreadcrumbList\",\"@id\":\"https:\/\/hp-drones.com\/pt-pt\/south\/#breadcrumb\",\"itemListElement\":[{\"@type\":\"ListItem\",\"position\":1,\"name\":\"Portada\",\"item\":\"https:\/\/hp-drones.com\/pt-pt\/\"},{\"@type\":\"ListItem\",\"position\":2,\"name\":\"SOUTH\"}]},{\"@type\":\"WebSite\",\"@id\":\"https:\/\/hp-drones.com\/pt-pt\/#website\",\"url\":\"https:\/\/hp-drones.com\/pt-pt\/\",\"name\":\"HPDRONES\",\"description\":\"\",\"publisher\":{\"@id\":\"https:\/\/hp-drones.com\/pt-pt\/#organization\"},\"potentialAction\":[{\"@type\":\"SearchAction\",\"target\":{\"@type\":\"EntryPoint\",\"urlTemplate\":\"https:\/\/hp-drones.com\/pt-pt\/?s={search_term_string}\"},\"query-input\":{\"@type\":\"PropertyValueSpecification\",\"valueRequired\":true,\"valueName\":\"search_term_string\"}}],\"inLanguage\":\"pt-PT\"},{\"@type\":\"Organization\",\"@id\":\"https:\/\/hp-drones.com\/pt-pt\/#organization\",\"name\":\"HPDRONES\",\"url\":\"https:\/\/hp-drones.com\/pt-pt\/\",\"logo\":{\"@type\":\"ImageObject\",\"inLanguage\":\"pt-PT\",\"@id\":\"https:\/\/hp-drones.com\/pt-pt\/#\/schema\/logo\/image\/\",\"url\":\"https:\/\/hp-drones.com\/wp-content\/uploads\/2022\/01\/logo_drone.png\",\"contentUrl\":\"https:\/\/hp-drones.com\/wp-content\/uploads\/2022\/01\/logo_drone.png\",\"width\":500,\"height\":46,\"caption\":\"HPDRONES\"},\"image\":{\"@id\":\"https:\/\/hp-drones.com\/pt-pt\/#\/schema\/logo\/image\/\"}}]}<\/script>\n<!-- \/ Yoast SEO plugin. -->","yoast_head_json":{"title":"SOUTH - HPDRONES","robots":{"index":"index","follow":"follow","max-snippet":"max-snippet:-1","max-image-preview":"max-image-preview:large","max-video-preview":"max-video-preview:-1"},"canonical":"https:\/\/hp-drones.com\/pt-pt\/south\/","og_locale":"pt_PT","og_type":"article","og_title":"SOUTH - HPDRONES","og_site_name":"HPDRONES","article_modified_time":"2024-12-06T12:25:18+00:00","twitter_card":"summary_large_image","twitter_misc":{"Tempo estimado de leitura":"1 minuto"},"schema":{"@context":"https:\/\/schema.org","@graph":[{"@type":"WebPage","@id":"https:\/\/hp-drones.com\/pt-pt\/south\/","url":"https:\/\/hp-drones.com\/pt-pt\/south\/","name":"SOUTH - HPDRONES","isPartOf":{"@id":"https:\/\/hp-drones.com\/pt-pt\/#website"},"datePublished":"2023-04-21T08:34:42+00:00","dateModified":"2024-12-06T12:25:18+00:00","breadcrumb":{"@id":"https:\/\/hp-drones.com\/pt-pt\/south\/#breadcrumb"},"inLanguage":"pt-PT","potentialAction":[{"@type":"ReadAction","target":["https:\/\/hp-drones.com\/pt-pt\/south\/"]}]},{"@type":"BreadcrumbList","@id":"https:\/\/hp-drones.com\/pt-pt\/south\/#breadcrumb","itemListElement":[{"@type":"ListItem","position":1,"name":"Portada","item":"https:\/\/hp-drones.com\/pt-pt\/"},{"@type":"ListItem","position":2,"name":"SOUTH"}]},{"@type":"WebSite","@id":"https:\/\/hp-drones.com\/pt-pt\/#website","url":"https:\/\/hp-drones.com\/pt-pt\/","name":"HPDRONES","description":"","publisher":{"@id":"https:\/\/hp-drones.com\/pt-pt\/#organization"},"potentialAction":[{"@type":"SearchAction","target":{"@type":"EntryPoint","urlTemplate":"https:\/\/hp-drones.com\/pt-pt\/?s={search_term_string}"},"query-input":{"@type":"PropertyValueSpecification","valueRequired":true,"valueName":"search_term_string"}}],"inLanguage":"pt-PT"},{"@type":"Organization","@id":"https:\/\/hp-drones.com\/pt-pt\/#organization","name":"HPDRONES","url":"https:\/\/hp-drones.com\/pt-pt\/","logo":{"@type":"ImageObject","inLanguage":"pt-PT","@id":"https:\/\/hp-drones.com\/pt-pt\/#\/schema\/logo\/image\/","url":"https:\/\/hp-drones.com\/wp-content\/uploads\/2022\/01\/logo_drone.png","contentUrl":"https:\/\/hp-drones.com\/wp-content\/uploads\/2022\/01\/logo_drone.png","width":500,"height":46,"caption":"HPDRONES"},"image":{"@id":"https:\/\/hp-drones.com\/pt-pt\/#\/schema\/logo\/image\/"}}]}},"_links":{"self":[{"href":"https:\/\/hp-drones.com\/pt-pt\/wp-json\/wp\/v2\/pages\/12547","targetHints":{"allow":["GET"]}}],"collection":[{"href":"https:\/\/hp-drones.com\/pt-pt\/wp-json\/wp\/v2\/pages"}],"about":[{"href":"https:\/\/hp-drones.com\/pt-pt\/wp-json\/wp\/v2\/types\/page"}],"author":[{"embeddable":true,"href":"https:\/\/hp-drones.com\/pt-pt\/wp-json\/wp\/v2\/users\/3"}],"replies":[{"embeddable":true,"href":"https:\/\/hp-drones.com\/pt-pt\/wp-json\/wp\/v2\/comments?post=12547"}],"version-history":[{"count":1,"href":"https:\/\/hp-drones.com\/pt-pt\/wp-json\/wp\/v2\/pages\/12547\/revisions"}],"predecessor-version":[{"id":18131,"href":"https:\/\/hp-drones.com\/pt-pt\/wp-json\/wp\/v2\/pages\/12547\/revisions\/18131"}],"wp:attachment":[{"href":"https:\/\/hp-drones.com\/pt-pt\/wp-json\/wp\/v2\/media?parent=12547"}],"curies":[{"name":"wp","href":"https:\/\/api.w.org\/{rel}","templated":true}]}}